{"id":37,"date":"2025-04-28T09:59:58","date_gmt":"2025-04-28T07:59:58","guid":{"rendered":"https:\/\/www.lubrise.se\/index.php\/about\/"},"modified":"2026-03-04T08:03:40","modified_gmt":"2026-03-04T07:03:40","slug":"om-lubrise","status":"publish","type":"page","link":"https:\/\/lubrise.se\/index.php\/om-lubrise\/","title":{"rendered":"Om Lubrise"},"content":{"rendered":"\t\t<div data-elementor-type=\"wp-page\" data-elementor-id=\"37\" class=\"elementor elementor-37\" data-elementor-post-type=\"page\">\n\t\t\t\t<div class=\"elementor-element elementor-element-5e94c9a e-con-full e-flex e-con e-parent\" data-id=\"5e94c9a\" data-element_type=\"container\" data-e-type=\"container\" data-settings=\"{&quot;jet_parallax_layout_list&quot;:[]}\">\n\t\t\t\t<div class=\"elementor-element elementor-element-04e6f6a elementor-widget elementor-widget-heading\" data-id=\"04e6f6a\" data-element_type=\"widget\" data-e-type=\"widget\" data-widget_type=\"heading.default\">\n\t\t\t\t<div class=\"elementor-widget-container\">\n\t\t\t\t\t<h1 class=\"elementor-heading-title elementor-size-default\">Lubrise Technology AB<\/h1>\t\t\t\t<\/div>\n\t\t\t\t<\/div>\n\t\t\t\t<\/div>\n\t\t<div class=\"elementor-element elementor-element-82a3fd8 e-con-full e-flex e-con e-parent\" data-id=\"82a3fd8\" data-element_type=\"container\" data-e-type=\"container\" data-settings=\"{&quot;jet_parallax_layout_list&quot;:[]}\">\n\t\t<div class=\"elementor-element elementor-element-cd0f83d e-con-full e-flex e-con e-child\" data-id=\"cd0f83d\" data-element_type=\"container\" data-e-type=\"container\" data-settings=\"{&quot;jet_parallax_layout_list&quot;:[]}\">\n\t\t\t\t<div class=\"elementor-element elementor-element-0b972d1 elementor-widget elementor-widget-heading\" data-id=\"0b972d1\" data-element_type=\"widget\" data-e-type=\"widget\" data-widget_type=\"heading.default\">\n\t\t\t\t<div class=\"elementor-widget-container\">\n\t\t\t\t\t<h2 class=\"elementor-heading-title elementor-size-default\">H\u00d6GKVALITATIVA SM\u00d6RJMEDEL F\u00d6R INDUSTRI OCH LIVSMEDEL<\/h2>\t\t\t\t<\/div>\n\t\t\t\t<\/div>\n\t\t\t\t<div class=\"elementor-element elementor-element-49f9fb2 elementor-widget-divider--view-line elementor-widget elementor-widget-divider\" data-id=\"49f9fb2\" data-element_type=\"widget\" data-e-type=\"widget\" data-widget_type=\"divider.default\">\n\t\t\t\t<div class=\"elementor-widget-container\">\n\t\t\t\t\t\t\t<div class=\"elementor-divider\">\n\t\t\t<span class=\"elementor-divider-separator\">\n\t\t\t\t\t\t<\/span>\n\t\t<\/div>\n\t\t\t\t\t\t<\/div>\n\t\t\t\t<\/div>\n\t\t\t\t<div class=\"elementor-element elementor-element-0aad034 elementor-widget elementor-widget-text-editor\" data-id=\"0aad034\" data-element_type=\"widget\" data-e-type=\"widget\" data-widget_type=\"text-editor.default\">\n\t\t\t\t<div class=\"elementor-widget-container\">\n\t\t\t\t\t\t\t\t\t<p>Lubrise\u00a0\u00e4r ett svenskt kvalitetsvarum\u00e4rke med unika produkter inom sm\u00f6rjmedel f\u00f6r professionell anv\u00e4ndning. Den samlade kunskapen fr\u00e5n branschen ligger till grund f\u00f6r ett\u00a0noga utvalt sortiment, framtaget f\u00f6r att m\u00f6ta h\u00f6ga krav p\u00e5 funktion, prestanda och drifts\u00e4kerhet.<\/p><p>Sortimentet \u00e4r anpassat f\u00f6r anv\u00e4ndning inom livsmedelsindustri, medicinsk industri, industri, entreprenad, fastighet och teknisk service d\u00e4r tillf\u00f6rlitlighet \u00e4r avg\u00f6rande. En stor del av produkterna \u00e4r H1-klassade\u00a0och l\u00e4mpade f\u00f6r verksamheter med h\u00f6ga hygienkrav. Aerosolprodukterna drivs dessutom med\u00a0en gr\u00f6n drivgas\u00a0f\u00f6r att minska milj\u00f6p\u00e5verkan.<\/p>\t\t\t\t\t\t\t\t<\/div>\n\t\t\t\t<\/div>\n\t\t\t\t<div class=\"elementor-element elementor-element-82bd18b elementor-widget elementor-widget-heading\" data-id=\"82bd18b\" data-element_type=\"widget\" data-e-type=\"widget\" data-widget_type=\"heading.default\">\n\t\t\t\t<div class=\"elementor-widget-container\">\n\t\t\t\t\t<h2 class=\"elementor-heading-title elementor-size-default\"><a href=\"https:\/\/www.lubrise.se\/index.php\/aterforsaljare\/\">Hitta din n\u00e4rmaste \u00e5terf\u00f6rs\u00e4ljare under fliken \u00c5TERF\u00d6RS\u00c4LJARE.<\/a><\/h2>\t\t\t\t<\/div>\n\t\t\t\t<\/div>\n\t\t\t\t<\/div>\n\t\t<div class=\"elementor-element elementor-element-084899e e-con-full e-flex e-con e-child\" data-id=\"084899e\" data-element_type=\"container\" data-e-type=\"container\" data-settings=\"{&quot;jet_parallax_layout_list&quot;:[]}\">\n\t\t\t\t<div class=\"elementor-element elementor-element-37f595b elementor-widget elementor-widget-image\" data-id=\"37f595b\" data-element_type=\"widget\" data-e-type=\"widget\" data-widget_type=\"image.default\">\n\t\t\t\t<div class=\"elementor-widget-container\">\n\t\t\t\t\t\t\t\t\t\t\t\t\t\t\t<img fetchpriority=\"high\" decoding=\"async\" width=\"1436\" height=\"1436\" src=\"https:\/\/lubrise.se\/wp-content\/uploads\/2026\/02\/Silicone25.jpg\" class=\"attachment-1536x1536 size-1536x1536 wp-image-21199\" alt=\"\" srcset=\"https:\/\/lubrise.se\/wp-content\/uploads\/2026\/02\/Silicone25.jpg 1436w, https:\/\/lubrise.se\/wp-content\/uploads\/2026\/02\/Silicone25-300x300.jpg 300w, https:\/\/lubrise.se\/wp-content\/uploads\/2026\/02\/Silicone25-1024x1024.jpg 1024w, https:\/\/lubrise.se\/wp-content\/uploads\/2026\/02\/Silicone25-150x150.jpg 150w, https:\/\/lubrise.se\/wp-content\/uploads\/2026\/02\/Silicone25-768x768.jpg 768w\" sizes=\"(max-width: 1436px) 100vw, 1436px\" \/>\t\t\t\t\t\t\t\t\t\t\t\t\t\t\t<\/div>\n\t\t\t\t<\/div>\n\t\t\t\t<\/div>\n\t\t\t\t<\/div>\n\t\t\t\t<\/div>\n\t\t","protected":false},"excerpt":{"rendered":"<p>Lubrise Technology AB H\u00d6GKVALITATIVA SM\u00d6RJMEDEL F\u00d6R INDUSTRI OCH LIVSMEDEL Lubrise\u00a0\u00e4r ett svenskt kvalitetsvarum\u00e4rke med unika produkter inom sm\u00f6rjmedel f\u00f6r professionell anv\u00e4ndning. Den samlade kunskapen fr\u00e5n branschen ligger till grund f\u00f6r ett\u00a0noga utvalt sortiment, framtaget f\u00f6r att m\u00f6ta h\u00f6ga krav p\u00e5 funktion, prestanda och drifts\u00e4kerhet. Sortimentet \u00e4r anpassat f\u00f6r anv\u00e4ndning inom livsmedelsindustri, medicinsk industri, industri, entreprenad, [&hellip;]<\/p>\n","protected":false},"author":1,"featured_media":0,"parent":0,"menu_order":0,"comment_status":"closed","ping_status":"closed","template":"elementor_header_footer","meta":{"pagelayer_contact_templates":[],"_pagelayer_content":"","footnotes":""},"class_list":["post-37","page","type-page","status-publish","hentry"],"yoast_head":"<!-- This site is optimized with the Yoast SEO plugin v27.2 - https:\/\/yoast.com\/product\/yoast-seo-wordpress\/ -->\n<title>Om Lubrise - Lubrise Technology<\/title>\n<meta name=\"robots\" content=\"index, follow, max-snippet:-1, max-image-preview:large, max-video-preview:-1\" \/>\n<link rel=\"canonical\" href=\"https:\/\/lubrise.se\/index.php\/om-lubrise\/\" \/>\n<meta property=\"og:locale\" content=\"sv_SE\" \/>\n<meta property=\"og:type\" content=\"article\" \/>\n<meta property=\"og:title\" content=\"Om Lubrise - Lubrise Technology\" \/>\n<meta property=\"og:description\" content=\"Lubrise Technology AB H\u00d6GKVALITATIVA SM\u00d6RJMEDEL F\u00d6R INDUSTRI OCH LIVSMEDEL Lubrise\u00a0\u00e4r ett svenskt kvalitetsvarum\u00e4rke med unika produkter inom sm\u00f6rjmedel f\u00f6r professionell anv\u00e4ndning. Den samlade kunskapen fr\u00e5n branschen ligger till grund f\u00f6r ett\u00a0noga utvalt sortiment, framtaget f\u00f6r att m\u00f6ta h\u00f6ga krav p\u00e5 funktion, prestanda och drifts\u00e4kerhet. Sortimentet \u00e4r anpassat f\u00f6r anv\u00e4ndning inom livsmedelsindustri, medicinsk industri, industri, entreprenad, [&hellip;]\" \/>\n<meta property=\"og:url\" content=\"https:\/\/lubrise.se\/index.php\/om-lubrise\/\" \/>\n<meta property=\"og:site_name\" content=\"Lubrise Technology\" \/>\n<meta property=\"article:modified_time\" content=\"2026-03-04T07:03:40+00:00\" \/>\n<meta property=\"og:image\" content=\"https:\/\/www.lubrise.se\/wp-content\/uploads\/2026\/02\/Silicone25.jpg\" \/>\n<meta name=\"twitter:card\" content=\"summary_large_image\" \/>\n<meta name=\"twitter:label1\" content=\"Ber\u00e4knad l\u00e4stid\" \/>\n\t<meta name=\"twitter:data1\" content=\"1 minut\" \/>\n<script type=\"application\/ld+json\" class=\"yoast-schema-graph\">{\"@context\":\"https:\/\/schema.org\",\"@graph\":[{\"@type\":\"WebPage\",\"@id\":\"https:\/\/lubrise.se\/index.php\/om-lubrise\/\",\"url\":\"https:\/\/lubrise.se\/index.php\/om-lubrise\/\",\"name\":\"Om Lubrise - Lubrise Technology\",\"isPartOf\":{\"@id\":\"https:\/\/lubrise.se\/#website\"},\"primaryImageOfPage\":{\"@id\":\"https:\/\/lubrise.se\/index.php\/om-lubrise\/#primaryimage\"},\"image\":{\"@id\":\"https:\/\/lubrise.se\/index.php\/om-lubrise\/#primaryimage\"},\"thumbnailUrl\":\"https:\/\/www.lubrise.se\/wp-content\/uploads\/2026\/02\/Silicone25.jpg\",\"datePublished\":\"2025-04-28T07:59:58+00:00\",\"dateModified\":\"2026-03-04T07:03:40+00:00\",\"breadcrumb\":{\"@id\":\"https:\/\/lubrise.se\/index.php\/om-lubrise\/#breadcrumb\"},\"inLanguage\":\"sv-SE\",\"potentialAction\":[{\"@type\":\"ReadAction\",\"target\":[\"https:\/\/lubrise.se\/index.php\/om-lubrise\/\"]}]},{\"@type\":\"ImageObject\",\"inLanguage\":\"sv-SE\",\"@id\":\"https:\/\/lubrise.se\/index.php\/om-lubrise\/#primaryimage\",\"url\":\"https:\/\/www.lubrise.se\/wp-content\/uploads\/2026\/02\/Silicone25.jpg\",\"contentUrl\":\"https:\/\/www.lubrise.se\/wp-content\/uploads\/2026\/02\/Silicone25.jpg\"},{\"@type\":\"BreadcrumbList\",\"@id\":\"https:\/\/lubrise.se\/index.php\/om-lubrise\/#breadcrumb\",\"itemListElement\":[{\"@type\":\"ListItem\",\"position\":1,\"name\":\"Hem\",\"item\":\"https:\/\/lubrise.se\/\"},{\"@type\":\"ListItem\",\"position\":2,\"name\":\"Om Lubrise\"}]},{\"@type\":\"WebSite\",\"@id\":\"https:\/\/lubrise.se\/#website\",\"url\":\"https:\/\/lubrise.se\/\",\"name\":\"Lubrise Technology\",\"description\":\"Sm\u00f6rjmedel och fetter av h\u00f6gsta kvalitet\",\"publisher\":{\"@id\":\"https:\/\/lubrise.se\/#organization\"},\"potentialAction\":[{\"@type\":\"SearchAction\",\"target\":{\"@type\":\"EntryPoint\",\"urlTemplate\":\"https:\/\/lubrise.se\/?s={search_term_string}\"},\"query-input\":{\"@type\":\"PropertyValueSpecification\",\"valueRequired\":true,\"valueName\":\"search_term_string\"}}],\"inLanguage\":\"sv-SE\"},{\"@type\":\"Organization\",\"@id\":\"https:\/\/lubrise.se\/#organization\",\"name\":\"Lubrise Technology\",\"url\":\"https:\/\/lubrise.se\/\",\"logo\":{\"@type\":\"ImageObject\",\"inLanguage\":\"sv-SE\",\"@id\":\"https:\/\/lubrise.se\/#\/schema\/logo\/image\/\",\"url\":\"https:\/\/lubrise.se\/wp-content\/uploads\/2025\/04\/Lubrise-logo-1.svg\",\"contentUrl\":\"https:\/\/lubrise.se\/wp-content\/uploads\/2025\/04\/Lubrise-logo-1.svg\",\"width\":708,\"height\":737,\"caption\":\"Lubrise Technology\"},\"image\":{\"@id\":\"https:\/\/lubrise.se\/#\/schema\/logo\/image\/\"}}]}<\/script>\n<!-- \/ Yoast SEO plugin. -->","yoast_head_json":{"title":"Om Lubrise - Lubrise Technology","robots":{"index":"index","follow":"follow","max-snippet":"max-snippet:-1","max-image-preview":"max-image-preview:large","max-video-preview":"max-video-preview:-1"},"canonical":"https:\/\/lubrise.se\/index.php\/om-lubrise\/","og_locale":"sv_SE","og_type":"article","og_title":"Om Lubrise - Lubrise Technology","og_description":"Lubrise Technology AB H\u00d6GKVALITATIVA SM\u00d6RJMEDEL F\u00d6R INDUSTRI OCH LIVSMEDEL Lubrise\u00a0\u00e4r ett svenskt kvalitetsvarum\u00e4rke med unika produkter inom sm\u00f6rjmedel f\u00f6r professionell anv\u00e4ndning. Den samlade kunskapen fr\u00e5n branschen ligger till grund f\u00f6r ett\u00a0noga utvalt sortiment, framtaget f\u00f6r att m\u00f6ta h\u00f6ga krav p\u00e5 funktion, prestanda och drifts\u00e4kerhet. Sortimentet \u00e4r anpassat f\u00f6r anv\u00e4ndning inom livsmedelsindustri, medicinsk industri, industri, entreprenad, [&hellip;]","og_url":"https:\/\/lubrise.se\/index.php\/om-lubrise\/","og_site_name":"Lubrise Technology","article_modified_time":"2026-03-04T07:03:40+00:00","og_image":[{"url":"https:\/\/www.lubrise.se\/wp-content\/uploads\/2026\/02\/Silicone25.jpg","type":"","width":"","height":""}],"twitter_card":"summary_large_image","twitter_misc":{"Ber\u00e4knad l\u00e4stid":"1 minut"},"schema":{"@context":"https:\/\/schema.org","@graph":[{"@type":"WebPage","@id":"https:\/\/lubrise.se\/index.php\/om-lubrise\/","url":"https:\/\/lubrise.se\/index.php\/om-lubrise\/","name":"Om Lubrise - Lubrise Technology","isPartOf":{"@id":"https:\/\/lubrise.se\/#website"},"primaryImageOfPage":{"@id":"https:\/\/lubrise.se\/index.php\/om-lubrise\/#primaryimage"},"image":{"@id":"https:\/\/lubrise.se\/index.php\/om-lubrise\/#primaryimage"},"thumbnailUrl":"https:\/\/www.lubrise.se\/wp-content\/uploads\/2026\/02\/Silicone25.jpg","datePublished":"2025-04-28T07:59:58+00:00","dateModified":"2026-03-04T07:03:40+00:00","breadcrumb":{"@id":"https:\/\/lubrise.se\/index.php\/om-lubrise\/#breadcrumb"},"inLanguage":"sv-SE","potentialAction":[{"@type":"ReadAction","target":["https:\/\/lubrise.se\/index.php\/om-lubrise\/"]}]},{"@type":"ImageObject","inLanguage":"sv-SE","@id":"https:\/\/lubrise.se\/index.php\/om-lubrise\/#primaryimage","url":"https:\/\/www.lubrise.se\/wp-content\/uploads\/2026\/02\/Silicone25.jpg","contentUrl":"https:\/\/www.lubrise.se\/wp-content\/uploads\/2026\/02\/Silicone25.jpg"},{"@type":"BreadcrumbList","@id":"https:\/\/lubrise.se\/index.php\/om-lubrise\/#breadcrumb","itemListElement":[{"@type":"ListItem","position":1,"name":"Hem","item":"https:\/\/lubrise.se\/"},{"@type":"ListItem","position":2,"name":"Om Lubrise"}]},{"@type":"WebSite","@id":"https:\/\/lubrise.se\/#website","url":"https:\/\/lubrise.se\/","name":"Lubrise Technology","description":"Sm\u00f6rjmedel och fetter av h\u00f6gsta kvalitet","publisher":{"@id":"https:\/\/lubrise.se\/#organization"},"potentialAction":[{"@type":"SearchAction","target":{"@type":"EntryPoint","urlTemplate":"https:\/\/lubrise.se\/?s={search_term_string}"},"query-input":{"@type":"PropertyValueSpecification","valueRequired":true,"valueName":"search_term_string"}}],"inLanguage":"sv-SE"},{"@type":"Organization","@id":"https:\/\/lubrise.se\/#organization","name":"Lubrise Technology","url":"https:\/\/lubrise.se\/","logo":{"@type":"ImageObject","inLanguage":"sv-SE","@id":"https:\/\/lubrise.se\/#\/schema\/logo\/image\/","url":"https:\/\/lubrise.se\/wp-content\/uploads\/2025\/04\/Lubrise-logo-1.svg","contentUrl":"https:\/\/lubrise.se\/wp-content\/uploads\/2025\/04\/Lubrise-logo-1.svg","width":708,"height":737,"caption":"Lubrise Technology"},"image":{"@id":"https:\/\/lubrise.se\/#\/schema\/logo\/image\/"}}]}},"_links":{"self":[{"href":"https:\/\/lubrise.se\/index.php\/wp-json\/wp\/v2\/pages\/37","targetHints":{"allow":["GET"]}}],"collection":[{"href":"https:\/\/lubrise.se\/index.php\/wp-json\/wp\/v2\/pages"}],"about":[{"href":"https:\/\/lubrise.se\/index.php\/wp-json\/wp\/v2\/types\/page"}],"author":[{"embeddable":true,"href":"https:\/\/lubrise.se\/index.php\/wp-json\/wp\/v2\/users\/1"}],"replies":[{"embeddable":true,"href":"https:\/\/lubrise.se\/index.php\/wp-json\/wp\/v2\/comments?post=37"}],"version-history":[{"count":44,"href":"https:\/\/lubrise.se\/index.php\/wp-json\/wp\/v2\/pages\/37\/revisions"}],"predecessor-version":[{"id":22145,"href":"https:\/\/lubrise.se\/index.php\/wp-json\/wp\/v2\/pages\/37\/revisions\/22145"}],"wp:attachment":[{"href":"https:\/\/lubrise.se\/index.php\/wp-json\/wp\/v2\/media?parent=37"}],"curies":[{"name":"wp","href":"https:\/\/api.w.org\/{rel}","templated":true}]}}