{"id":21666,"date":"2026-02-20T15:44:31","date_gmt":"2026-02-20T14:44:31","guid":{"rendered":"https:\/\/www.lubrise.se\/?page_id=21666"},"modified":"2026-02-20T15:58:50","modified_gmt":"2026-02-20T14:58:50","slug":"lubri-cleanprotect","status":"publish","type":"page","link":"https:\/\/lubrise.se\/index.php\/lubri-cleanprotect\/","title":{"rendered":"Lubri Clean&amp;Protect"},"content":{"rendered":"\t\t<div data-elementor-type=\"wp-page\" data-elementor-id=\"21666\" class=\"elementor elementor-21666\" data-elementor-post-type=\"page\">\n\t\t\t\t<div class=\"elementor-element elementor-element-30e2b64e e-con-full e-flex e-con e-parent\" data-id=\"30e2b64e\" data-element_type=\"container\" data-e-type=\"container\" data-settings=\"{&quot;jet_parallax_layout_list&quot;:[]}\">\n\t\t<div class=\"elementor-element elementor-element-517df889 e-con-full e-flex e-con e-child\" data-id=\"517df889\" data-element_type=\"container\" data-e-type=\"container\" data-settings=\"{&quot;jet_parallax_layout_list&quot;:[]}\">\n\t\t<div class=\"elementor-element elementor-element-519c124f e-con-full e-flex e-con e-child\" data-id=\"519c124f\" data-element_type=\"container\" data-e-type=\"container\" data-settings=\"{&quot;background_background&quot;:&quot;classic&quot;,&quot;jet_parallax_layout_list&quot;:[]}\">\n\t\t\t\t<\/div>\n\t\t\t\t<\/div>\n\t\t<div class=\"elementor-element elementor-element-9fb6f90 e-con-full e-flex e-con e-child\" data-id=\"9fb6f90\" data-element_type=\"container\" data-e-type=\"container\" data-settings=\"{&quot;jet_parallax_layout_list&quot;:[]}\">\n\t\t<div class=\"elementor-element elementor-element-22abc4d7 e-con-full e-flex e-con e-child\" data-id=\"22abc4d7\" data-element_type=\"container\" data-e-type=\"container\" data-settings=\"{&quot;jet_parallax_layout_list&quot;:[]}\">\n\t\t\t\t<div class=\"elementor-element elementor-element-4c8b5b49 elementor-widget elementor-widget-image\" data-id=\"4c8b5b49\" data-element_type=\"widget\" data-e-type=\"widget\" data-widget_type=\"image.default\">\n\t\t\t\t<div class=\"elementor-widget-container\">\n\t\t\t\t\t\t\t\t\t\t\t\t\t\t\t<img decoding=\"async\" width=\"85\" height=\"300\" src=\"https:\/\/lubrise.se\/wp-content\/uploads\/2026\/02\/Lubrise-Lubriclean-webb-85x300.jpg\" class=\"attachment-medium size-medium wp-image-21678\" alt=\"\" srcset=\"https:\/\/lubrise.se\/wp-content\/uploads\/2026\/02\/Lubrise-Lubriclean-webb-85x300.jpg 85w, https:\/\/lubrise.se\/wp-content\/uploads\/2026\/02\/Lubrise-Lubriclean-webb-289x1024.jpg 289w\" sizes=\"(max-width: 85px) 100vw, 85px\" \/>\t\t\t\t\t\t\t\t\t\t\t\t\t\t\t<\/div>\n\t\t\t\t<\/div>\n\t\t\t\t<div class=\"elementor-element elementor-element-d832384 elementor-widget elementor-widget-heading\" data-id=\"d832384\" data-element_type=\"widget\" data-e-type=\"widget\" data-widget_type=\"heading.default\">\n\t\t\t\t<div class=\"elementor-widget-container\">\n\t\t\t\t\t<h2 class=\"elementor-heading-title elementor-size-default\">Lubri Clean &amp; Protect<\/h2>\t\t\t\t<\/div>\n\t\t\t\t<\/div>\n\t\t\t\t<div class=\"elementor-element elementor-element-66d422af elementor-widget elementor-widget-heading\" data-id=\"66d422af\" data-element_type=\"widget\" data-e-type=\"widget\" data-widget_type=\"heading.default\">\n\t\t\t\t<div class=\"elementor-widget-container\">\n\t\t\t\t\t<h6 class=\"elementor-heading-title elementor-size-default\">Cleaning &amp; Protect<\/h6>\t\t\t\t<\/div>\n\t\t\t\t<\/div>\n\t\t\t\t<div class=\"elementor-element elementor-element-69738a75 elementor-widget-divider--view-line elementor-widget elementor-widget-divider\" data-id=\"69738a75\" data-element_type=\"widget\" data-e-type=\"widget\" data-widget_type=\"divider.default\">\n\t\t\t\t<div class=\"elementor-widget-container\">\n\t\t\t\t\t\t\t<div class=\"elementor-divider\">\n\t\t\t<span class=\"elementor-divider-separator\">\n\t\t\t\t\t\t<\/span>\n\t\t<\/div>\n\t\t\t\t\t\t<\/div>\n\t\t\t\t<\/div>\n\t\t\t\t<div class=\"elementor-element elementor-element-7b99407c elementor-widget elementor-widget-heading\" data-id=\"7b99407c\" data-element_type=\"widget\" data-e-type=\"widget\" data-widget_type=\"heading.default\">\n\t\t\t\t<div class=\"elementor-widget-container\">\n\t\t\t\t\t<h2 class=\"elementor-heading-title elementor-size-default\">ART.nr: 325<\/h2>\t\t\t\t<\/div>\n\t\t\t\t<\/div>\n\t\t\t\t<div class=\"elementor-element elementor-element-18f4dbb3 elementor-widget-divider--view-line elementor-widget elementor-widget-divider\" data-id=\"18f4dbb3\" data-element_type=\"widget\" data-e-type=\"widget\" data-widget_type=\"divider.default\">\n\t\t\t\t<div class=\"elementor-widget-container\">\n\t\t\t\t\t\t\t<div class=\"elementor-divider\">\n\t\t\t<span class=\"elementor-divider-separator\">\n\t\t\t\t\t\t<\/span>\n\t\t<\/div>\n\t\t\t\t\t\t<\/div>\n\t\t\t\t<\/div>\n\t\t\t\t<div class=\"elementor-element elementor-element-6164351e elementor-widget elementor-widget-heading\" data-id=\"6164351e\" data-element_type=\"widget\" data-e-type=\"widget\" data-widget_type=\"heading.default\">\n\t\t\t\t<div class=\"elementor-widget-container\">\n\t\t\t\t\t<h5 class=\"elementor-heading-title elementor-size-default\">Produktbeskrivning<\/h5>\t\t\t\t<\/div>\n\t\t\t\t<\/div>\n\t\t\t\t<div class=\"elementor-element elementor-element-12efbd02 elementor-widget elementor-widget-text-editor\" data-id=\"12efbd02\" data-element_type=\"widget\" data-e-type=\"widget\" data-widget_type=\"text-editor.default\">\n\t\t\t\t<div class=\"elementor-widget-container\">\n\t\t\t\t\t\t\t\t\t<p>Lubri Clean&amp;Protect \u00e4r ett effektivt ytreng\u00f6rings- och skyddsmedel f\u00f6r rostfria st\u00e5lytor, som reng\u00f6r samt ger en bl\u00e4nkande yta. Den l\u00e4mnar en tunn hinna som skyddar mot smuts, damm och fingeravtryck. Produkten \u00e4r framtagen f\u00f6r reng\u00f6ring och behandling av borstat rostfritt st\u00e5l och kan anv\u00e4ndas inom livsmedelsindustrin. Lubri Clean&amp;Protect reng\u00f6r och skyddar rostfria st\u00e5lytor som t.ex. stork\u00f6ksinredningar, diskb\u00e4nkar, hisspaneler, staket, metallhyllor etc. Produkten kan \u00e4ven anv\u00e4ndas f\u00f6r reng\u00f6ring av eloxerade aluminiumytor.<\/p><p><strong>Livsmedelsanpassad H1 (FJ2328303)<\/strong><\/p><p><em>Skaka flaskan kraftigt f\u00f6re och under anv\u00e4ndning. Spraya produkten ca 15-30 cm fr\u00e5n ytan, reng\u00f6r och polera med en torr trasa.<\/em><\/p>\t\t\t\t\t\t\t\t<\/div>\n\t\t\t\t<\/div>\n\t\t\t\t<div class=\"elementor-element elementor-element-50e9a545 elementor-widget elementor-widget-heading\" data-id=\"50e9a545\" data-element_type=\"widget\" data-e-type=\"widget\" data-widget_type=\"heading.default\">\n\t\t\t\t<div class=\"elementor-widget-container\">\n\t\t\t\t\t<h5 class=\"elementor-heading-title elementor-size-default\">Anv\u00e4ndningsomr\u00e5den<\/h5>\t\t\t\t<\/div>\n\t\t\t\t<\/div>\n\t\t\t\t<div class=\"elementor-element elementor-element-ae870bf elementor-icon-list--layout-traditional elementor-list-item-link-full_width elementor-widget elementor-widget-icon-list\" data-id=\"ae870bf\" data-element_type=\"widget\" data-e-type=\"widget\" data-widget_type=\"icon-list.default\">\n\t\t\t\t<div class=\"elementor-widget-container\">\n\t\t\t\t\t\t\t<ul class=\"elementor-icon-list-items\">\n\t\t\t\t\t\t\t<li class=\"elementor-icon-list-item\">\n\t\t\t\t\t\t\t\t\t\t\t<span class=\"elementor-icon-list-icon\">\n\t\t\t\t\t\t\t<svg aria-hidden=\"true\" class=\"e-font-icon-svg e-fas-check-circle\" viewBox=\"0 0 512 512\" xmlns=\"http:\/\/www.w3.org\/2000\/svg\"><path d=\"M504 256c0 136.967-111.033 248-248 248S8 392.967 8 256 119.033 8 256 8s248 111.033 248 248zM227.314 387.314l184-184c6.248-6.248 6.248-16.379 0-22.627l-22.627-22.627c-6.248-6.249-16.379-6.249-22.628 0L216 308.118l-70.059-70.059c-6.248-6.248-16.379-6.248-22.628 0l-22.627 22.627c-6.248 6.248-6.248 16.379 0 22.627l104 104c6.249 6.249 16.379 6.249 22.628.001z\"><\/path><\/svg>\t\t\t\t\t\t<\/span>\n\t\t\t\t\t\t\t\t\t\t<span class=\"elementor-icon-list-text\">Rostfria kylar &amp; frysar<\/span>\n\t\t\t\t\t\t\t\t\t<\/li>\n\t\t\t\t\t\t\t\t<li class=\"elementor-icon-list-item\">\n\t\t\t\t\t\t\t\t\t\t\t<span class=\"elementor-icon-list-icon\">\n\t\t\t\t\t\t\t<svg aria-hidden=\"true\" class=\"e-font-icon-svg e-fas-check-circle\" viewBox=\"0 0 512 512\" xmlns=\"http:\/\/www.w3.org\/2000\/svg\"><path d=\"M504 256c0 136.967-111.033 248-248 248S8 392.967 8 256 119.033 8 256 8s248 111.033 248 248zM227.314 387.314l184-184c6.248-6.248 6.248-16.379 0-22.627l-22.627-22.627c-6.248-6.249-16.379-6.249-22.628 0L216 308.118l-70.059-70.059c-6.248-6.248-16.379-6.248-22.628 0l-22.627 22.627c-6.248 6.248-6.248 16.379 0 22.627l104 104c6.249 6.249 16.379 6.249 22.628.001z\"><\/path><\/svg>\t\t\t\t\t\t<\/span>\n\t\t\t\t\t\t\t\t\t\t<span class=\"elementor-icon-list-text\">Fl\u00e4ktk\u00e5por<\/span>\n\t\t\t\t\t\t\t\t\t<\/li>\n\t\t\t\t\t\t\t\t<li class=\"elementor-icon-list-item\">\n\t\t\t\t\t\t\t\t\t\t\t<span class=\"elementor-icon-list-icon\">\n\t\t\t\t\t\t\t<svg aria-hidden=\"true\" class=\"e-font-icon-svg e-fas-check-circle\" viewBox=\"0 0 512 512\" xmlns=\"http:\/\/www.w3.org\/2000\/svg\"><path d=\"M504 256c0 136.967-111.033 248-248 248S8 392.967 8 256 119.033 8 256 8s248 111.033 248 248zM227.314 387.314l184-184c6.248-6.248 6.248-16.379 0-22.627l-22.627-22.627c-6.248-6.249-16.379-6.249-22.628 0L216 308.118l-70.059-70.059c-6.248-6.248-16.379-6.248-22.628 0l-22.627 22.627c-6.248 6.248-6.248 16.379 0 22.627l104 104c6.249 6.249 16.379 6.249 22.628.001z\"><\/path><\/svg>\t\t\t\t\t\t<\/span>\n\t\t\t\t\t\t\t\t\t\t<span class=\"elementor-icon-list-text\">Hisspaneler<\/span>\n\t\t\t\t\t\t\t\t\t<\/li>\n\t\t\t\t\t\t\t\t<li class=\"elementor-icon-list-item\">\n\t\t\t\t\t\t\t\t\t\t\t<span class=\"elementor-icon-list-icon\">\n\t\t\t\t\t\t\t<svg aria-hidden=\"true\" class=\"e-font-icon-svg e-fas-check-circle\" viewBox=\"0 0 512 512\" xmlns=\"http:\/\/www.w3.org\/2000\/svg\"><path d=\"M504 256c0 136.967-111.033 248-248 248S8 392.967 8 256 119.033 8 256 8s248 111.033 248 248zM227.314 387.314l184-184c6.248-6.248 6.248-16.379 0-22.627l-22.627-22.627c-6.248-6.249-16.379-6.249-22.628 0L216 308.118l-70.059-70.059c-6.248-6.248-16.379-6.248-22.628 0l-22.627 22.627c-6.248 6.248-6.248 16.379 0 22.627l104 104c6.249 6.249 16.379 6.249 22.628.001z\"><\/path><\/svg>\t\t\t\t\t\t<\/span>\n\t\t\t\t\t\t\t\t\t\t<span class=\"elementor-icon-list-text\">Stork\u00f6ksinredningar<\/span>\n\t\t\t\t\t\t\t\t\t<\/li>\n\t\t\t\t\t\t\t\t<li class=\"elementor-icon-list-item\">\n\t\t\t\t\t\t\t\t\t\t\t<span class=\"elementor-icon-list-icon\">\n\t\t\t\t\t\t\t<svg aria-hidden=\"true\" class=\"e-font-icon-svg e-fas-check-circle\" viewBox=\"0 0 512 512\" xmlns=\"http:\/\/www.w3.org\/2000\/svg\"><path d=\"M504 256c0 136.967-111.033 248-248 248S8 392.967 8 256 119.033 8 256 8s248 111.033 248 248zM227.314 387.314l184-184c6.248-6.248 6.248-16.379 0-22.627l-22.627-22.627c-6.248-6.249-16.379-6.249-22.628 0L216 308.118l-70.059-70.059c-6.248-6.248-16.379-6.248-22.628 0l-22.627 22.627c-6.248 6.248-6.248 16.379 0 22.627l104 104c6.249 6.249 16.379 6.249 22.628.001z\"><\/path><\/svg>\t\t\t\t\t\t<\/span>\n\t\t\t\t\t\t\t\t\t\t<span class=\"elementor-icon-list-text\">Diskb\u00e4nkar<\/span>\n\t\t\t\t\t\t\t\t\t<\/li>\n\t\t\t\t\t\t<\/ul>\n\t\t\t\t\t\t<\/div>\n\t\t\t\t<\/div>\n\t\t\t\t<div class=\"elementor-element elementor-element-76c5c303 elementor-widget elementor-widget-heading\" data-id=\"76c5c303\" data-element_type=\"widget\" data-e-type=\"widget\" data-widget_type=\"heading.default\">\n\t\t\t\t<div class=\"elementor-widget-container\">\n\t\t\t\t\t<h5 class=\"elementor-heading-title elementor-size-default\">Teknisk data<\/h5>\t\t\t\t<\/div>\n\t\t\t\t<\/div>\n\t\t\t\t<div class=\"elementor-element elementor-element-3d686e11 elementor-widget elementor-widget-text-editor\" data-id=\"3d686e11\" data-element_type=\"widget\" data-e-type=\"widget\" data-widget_type=\"text-editor.default\">\n\t\t\t\t<div class=\"elementor-widget-container\">\n\t\t\t\t\t\t\t\t\t<p><i>F\u00e4rg: <\/i><i>Transparent<\/i><\/p>\t\t\t\t\t\t\t\t<\/div>\n\t\t\t\t<\/div>\n\t\t\t\t<div class=\"elementor-element elementor-element-21783177 elementor-widget elementor-widget-heading\" data-id=\"21783177\" data-element_type=\"widget\" data-e-type=\"widget\" data-widget_type=\"heading.default\">\n\t\t\t\t<div class=\"elementor-widget-container\">\n\t\t\t\t\t<h5 class=\"elementor-heading-title elementor-size-default\">F\u00f6rpackningar<\/h5>\t\t\t\t<\/div>\n\t\t\t\t<\/div>\n\t\t\t\t<div class=\"elementor-element elementor-element-4cf038e2 elementor-widget elementor-widget-text-editor\" data-id=\"4cf038e2\" data-element_type=\"widget\" data-e-type=\"widget\" data-widget_type=\"text-editor.default\">\n\t\t\t\t<div class=\"elementor-widget-container\">\n\t\t\t\t\t\t\t\t\t<p>Aerosol 500ml<\/p>\t\t\t\t\t\t\t\t<\/div>\n\t\t\t\t<\/div>\n\t\t\t\t<div class=\"elementor-element elementor-element-6bf1cde5 elementor-widget elementor-widget-heading\" data-id=\"6bf1cde5\" data-element_type=\"widget\" data-e-type=\"widget\" data-widget_type=\"heading.default\">\n\t\t\t\t<div class=\"elementor-widget-container\">\n\t\t\t\t\t<h5 class=\"elementor-heading-title elementor-size-default\">Ladda ned dokument<\/h5>\t\t\t\t<\/div>\n\t\t\t\t<\/div>\n\t\t\t\t<div class=\"elementor-element elementor-element-5c80798 elementor-icon-list--layout-traditional elementor-list-item-link-full_width elementor-widget elementor-widget-icon-list\" data-id=\"5c80798\" data-element_type=\"widget\" data-e-type=\"widget\" data-widget_type=\"icon-list.default\">\n\t\t\t\t<div class=\"elementor-widget-container\">\n\t\t\t\t\t\t\t<ul class=\"elementor-icon-list-items\">\n\t\t\t\t\t\t\t<li class=\"elementor-icon-list-item\">\n\t\t\t\t\t\t\t\t\t\t\t<a href=\"https:\/\/www.lubrise.se\/wp-content\/uploads\/2026\/02\/Produktblad-Lubri-Clean-Protect.pdf\" target=\"_blank\">\n\n\t\t\t\t\t\t\t\t\t\t\t\t<span class=\"elementor-icon-list-icon\">\n\t\t\t\t\t\t\t<svg aria-hidden=\"true\" class=\"e-font-icon-svg e-fas-check\" viewBox=\"0 0 512 512\" xmlns=\"http:\/\/www.w3.org\/2000\/svg\"><path d=\"M173.898 439.404l-166.4-166.4c-9.997-9.997-9.997-26.206 0-36.204l36.203-36.204c9.997-9.998 26.207-9.998 36.204 0L192 312.69 432.095 72.596c9.997-9.997 26.207-9.997 36.204 0l36.203 36.204c9.997 9.997 9.997 26.206 0 36.204l-294.4 294.401c-9.998 9.997-26.207 9.997-36.204-.001z\"><\/path><\/svg>\t\t\t\t\t\t<\/span>\n\t\t\t\t\t\t\t\t\t\t<span class=\"elementor-icon-list-text\">Produktblad<\/span>\n\t\t\t\t\t\t\t\t\t\t\t<\/a>\n\t\t\t\t\t\t\t\t\t<\/li>\n\t\t\t\t\t\t\t\t<li class=\"elementor-icon-list-item\">\n\t\t\t\t\t\t\t\t\t\t\t<a href=\"https:\/\/www.lubrise.se\/wp-content\/uploads\/2026\/02\/Lubri-clean-protect-Sakerhetsdatablad.pdf\">\n\n\t\t\t\t\t\t\t\t\t\t\t\t<span class=\"elementor-icon-list-icon\">\n\t\t\t\t\t\t\t<svg aria-hidden=\"true\" class=\"e-font-icon-svg e-fas-check\" viewBox=\"0 0 512 512\" xmlns=\"http:\/\/www.w3.org\/2000\/svg\"><path d=\"M173.898 439.404l-166.4-166.4c-9.997-9.997-9.997-26.206 0-36.204l36.203-36.204c9.997-9.998 26.207-9.998 36.204 0L192 312.69 432.095 72.596c9.997-9.997 26.207-9.997 36.204 0l36.203 36.204c9.997 9.997 9.997 26.206 0 36.204l-294.4 294.401c-9.998 9.997-26.207 9.997-36.204-.001z\"><\/path><\/svg>\t\t\t\t\t\t<\/span>\n\t\t\t\t\t\t\t\t\t\t<span class=\"elementor-icon-list-text\">S\u00e4kerhetsdatablad<\/span>\n\t\t\t\t\t\t\t\t\t\t\t<\/a>\n\t\t\t\t\t\t\t\t\t<\/li>\n\t\t\t\t\t\t<\/ul>\n\t\t\t\t\t\t<\/div>\n\t\t\t\t<\/div>\n\t\t\t\t<\/div>\n\t\t\t\t<\/div>\n\t\t\t\t<\/div>\n\t\t\t\t<\/div>\n\t\t","protected":false},"excerpt":{"rendered":"<p>Lubri Clean &amp; Protect Cleaning &amp; Protect ART.nr: 325 Produktbeskrivning Lubri Clean&amp;Protect \u00e4r ett effektivt ytreng\u00f6rings- och skyddsmedel f\u00f6r rostfria st\u00e5lytor, som reng\u00f6r samt ger en bl\u00e4nkande yta. Den l\u00e4mnar en tunn hinna som skyddar mot smuts, damm och fingeravtryck. Produkten \u00e4r framtagen f\u00f6r reng\u00f6ring och behandling av borstat rostfritt st\u00e5l och kan anv\u00e4ndas inom [&hellip;]<\/p>\n","protected":false},"author":1,"featured_media":0,"parent":0,"menu_order":0,"comment_status":"closed","ping_status":"closed","template":"","meta":{"pagelayer_contact_templates":[],"_pagelayer_content":"","footnotes":""},"class_list":["post-21666","page","type-page","status-publish","hentry"],"yoast_head":"<!-- This site is optimized with the Yoast SEO plugin v27.2 - https:\/\/yoast.com\/product\/yoast-seo-wordpress\/ -->\n<title>Lubri Clean&amp;Protect - Lubrise Technology<\/title>\n<meta name=\"robots\" content=\"index, follow, max-snippet:-1, max-image-preview:large, max-video-preview:-1\" \/>\n<link rel=\"canonical\" href=\"https:\/\/lubrise.se\/index.php\/lubri-cleanprotect\/\" \/>\n<meta property=\"og:locale\" content=\"sv_SE\" \/>\n<meta property=\"og:type\" content=\"article\" \/>\n<meta property=\"og:title\" content=\"Lubri Clean&amp;Protect - Lubrise Technology\" \/>\n<meta property=\"og:description\" content=\"Lubri Clean &amp; Protect Cleaning &amp; Protect ART.nr: 325 Produktbeskrivning Lubri Clean&amp;Protect \u00e4r ett effektivt ytreng\u00f6rings- och skyddsmedel f\u00f6r rostfria st\u00e5lytor, som reng\u00f6r samt ger en bl\u00e4nkande yta. Den l\u00e4mnar en tunn hinna som skyddar mot smuts, damm och fingeravtryck. Produkten \u00e4r framtagen f\u00f6r reng\u00f6ring och behandling av borstat rostfritt st\u00e5l och kan anv\u00e4ndas inom [&hellip;]\" \/>\n<meta property=\"og:url\" content=\"https:\/\/lubrise.se\/index.php\/lubri-cleanprotect\/\" \/>\n<meta property=\"og:site_name\" content=\"Lubrise Technology\" \/>\n<meta property=\"article:modified_time\" content=\"2026-02-20T14:58:50+00:00\" \/>\n<meta property=\"og:image\" content=\"https:\/\/www.lubrise.se\/wp-content\/uploads\/2026\/02\/Lubrise-Lubriclean-webb-85x300.jpg\" \/>\n<meta name=\"twitter:card\" content=\"summary_large_image\" \/>\n<meta name=\"twitter:label1\" content=\"Ber\u00e4knad l\u00e4stid\" \/>\n\t<meta name=\"twitter:data1\" content=\"1 minut\" \/>\n<script type=\"application\/ld+json\" class=\"yoast-schema-graph\">{\"@context\":\"https:\/\/schema.org\",\"@graph\":[{\"@type\":\"WebPage\",\"@id\":\"https:\/\/lubrise.se\/index.php\/lubri-cleanprotect\/\",\"url\":\"https:\/\/lubrise.se\/index.php\/lubri-cleanprotect\/\",\"name\":\"Lubri Clean&amp;Protect - Lubrise Technology\",\"isPartOf\":{\"@id\":\"https:\/\/lubrise.se\/#website\"},\"primaryImageOfPage\":{\"@id\":\"https:\/\/lubrise.se\/index.php\/lubri-cleanprotect\/#primaryimage\"},\"image\":{\"@id\":\"https:\/\/lubrise.se\/index.php\/lubri-cleanprotect\/#primaryimage\"},\"thumbnailUrl\":\"https:\/\/www.lubrise.se\/wp-content\/uploads\/2026\/02\/Lubrise-Lubriclean-webb-85x300.jpg\",\"datePublished\":\"2026-02-20T14:44:31+00:00\",\"dateModified\":\"2026-02-20T14:58:50+00:00\",\"breadcrumb\":{\"@id\":\"https:\/\/lubrise.se\/index.php\/lubri-cleanprotect\/#breadcrumb\"},\"inLanguage\":\"sv-SE\",\"potentialAction\":[{\"@type\":\"ReadAction\",\"target\":[\"https:\/\/lubrise.se\/index.php\/lubri-cleanprotect\/\"]}]},{\"@type\":\"ImageObject\",\"inLanguage\":\"sv-SE\",\"@id\":\"https:\/\/lubrise.se\/index.php\/lubri-cleanprotect\/#primaryimage\",\"url\":\"https:\/\/www.lubrise.se\/wp-content\/uploads\/2026\/02\/Lubrise-Lubriclean-webb-85x300.jpg\",\"contentUrl\":\"https:\/\/www.lubrise.se\/wp-content\/uploads\/2026\/02\/Lubrise-Lubriclean-webb-85x300.jpg\"},{\"@type\":\"BreadcrumbList\",\"@id\":\"https:\/\/lubrise.se\/index.php\/lubri-cleanprotect\/#breadcrumb\",\"itemListElement\":[{\"@type\":\"ListItem\",\"position\":1,\"name\":\"Hem\",\"item\":\"https:\/\/lubrise.se\/\"},{\"@type\":\"ListItem\",\"position\":2,\"name\":\"Lubri Clean&amp;Protect\"}]},{\"@type\":\"WebSite\",\"@id\":\"https:\/\/lubrise.se\/#website\",\"url\":\"https:\/\/lubrise.se\/\",\"name\":\"Lubrise Technology\",\"description\":\"Sm\u00f6rjmedel och fetter av h\u00f6gsta kvalitet\",\"publisher\":{\"@id\":\"https:\/\/lubrise.se\/#organization\"},\"potentialAction\":[{\"@type\":\"SearchAction\",\"target\":{\"@type\":\"EntryPoint\",\"urlTemplate\":\"https:\/\/lubrise.se\/?s={search_term_string}\"},\"query-input\":{\"@type\":\"PropertyValueSpecification\",\"valueRequired\":true,\"valueName\":\"search_term_string\"}}],\"inLanguage\":\"sv-SE\"},{\"@type\":\"Organization\",\"@id\":\"https:\/\/lubrise.se\/#organization\",\"name\":\"Lubrise Technology\",\"url\":\"https:\/\/lubrise.se\/\",\"logo\":{\"@type\":\"ImageObject\",\"inLanguage\":\"sv-SE\",\"@id\":\"https:\/\/lubrise.se\/#\/schema\/logo\/image\/\",\"url\":\"https:\/\/lubrise.se\/wp-content\/uploads\/2025\/04\/Lubrise-logo-1.svg\",\"contentUrl\":\"https:\/\/lubrise.se\/wp-content\/uploads\/2025\/04\/Lubrise-logo-1.svg\",\"width\":708,\"height\":737,\"caption\":\"Lubrise Technology\"},\"image\":{\"@id\":\"https:\/\/lubrise.se\/#\/schema\/logo\/image\/\"}}]}<\/script>\n<!-- \/ Yoast SEO plugin. -->","yoast_head_json":{"title":"Lubri Clean&amp;Protect - Lubrise Technology","robots":{"index":"index","follow":"follow","max-snippet":"max-snippet:-1","max-image-preview":"max-image-preview:large","max-video-preview":"max-video-preview:-1"},"canonical":"https:\/\/lubrise.se\/index.php\/lubri-cleanprotect\/","og_locale":"sv_SE","og_type":"article","og_title":"Lubri Clean&amp;Protect - Lubrise Technology","og_description":"Lubri Clean &amp; Protect Cleaning &amp; Protect ART.nr: 325 Produktbeskrivning Lubri Clean&amp;Protect \u00e4r ett effektivt ytreng\u00f6rings- och skyddsmedel f\u00f6r rostfria st\u00e5lytor, som reng\u00f6r samt ger en bl\u00e4nkande yta. Den l\u00e4mnar en tunn hinna som skyddar mot smuts, damm och fingeravtryck. Produkten \u00e4r framtagen f\u00f6r reng\u00f6ring och behandling av borstat rostfritt st\u00e5l och kan anv\u00e4ndas inom [&hellip;]","og_url":"https:\/\/lubrise.se\/index.php\/lubri-cleanprotect\/","og_site_name":"Lubrise Technology","article_modified_time":"2026-02-20T14:58:50+00:00","og_image":[{"url":"https:\/\/www.lubrise.se\/wp-content\/uploads\/2026\/02\/Lubrise-Lubriclean-webb-85x300.jpg","type":"","width":"","height":""}],"twitter_card":"summary_large_image","twitter_misc":{"Ber\u00e4knad l\u00e4stid":"1 minut"},"schema":{"@context":"https:\/\/schema.org","@graph":[{"@type":"WebPage","@id":"https:\/\/lubrise.se\/index.php\/lubri-cleanprotect\/","url":"https:\/\/lubrise.se\/index.php\/lubri-cleanprotect\/","name":"Lubri Clean&amp;Protect - Lubrise Technology","isPartOf":{"@id":"https:\/\/lubrise.se\/#website"},"primaryImageOfPage":{"@id":"https:\/\/lubrise.se\/index.php\/lubri-cleanprotect\/#primaryimage"},"image":{"@id":"https:\/\/lubrise.se\/index.php\/lubri-cleanprotect\/#primaryimage"},"thumbnailUrl":"https:\/\/www.lubrise.se\/wp-content\/uploads\/2026\/02\/Lubrise-Lubriclean-webb-85x300.jpg","datePublished":"2026-02-20T14:44:31+00:00","dateModified":"2026-02-20T14:58:50+00:00","breadcrumb":{"@id":"https:\/\/lubrise.se\/index.php\/lubri-cleanprotect\/#breadcrumb"},"inLanguage":"sv-SE","potentialAction":[{"@type":"ReadAction","target":["https:\/\/lubrise.se\/index.php\/lubri-cleanprotect\/"]}]},{"@type":"ImageObject","inLanguage":"sv-SE","@id":"https:\/\/lubrise.se\/index.php\/lubri-cleanprotect\/#primaryimage","url":"https:\/\/www.lubrise.se\/wp-content\/uploads\/2026\/02\/Lubrise-Lubriclean-webb-85x300.jpg","contentUrl":"https:\/\/www.lubrise.se\/wp-content\/uploads\/2026\/02\/Lubrise-Lubriclean-webb-85x300.jpg"},{"@type":"BreadcrumbList","@id":"https:\/\/lubrise.se\/index.php\/lubri-cleanprotect\/#breadcrumb","itemListElement":[{"@type":"ListItem","position":1,"name":"Hem","item":"https:\/\/lubrise.se\/"},{"@type":"ListItem","position":2,"name":"Lubri Clean&amp;Protect"}]},{"@type":"WebSite","@id":"https:\/\/lubrise.se\/#website","url":"https:\/\/lubrise.se\/","name":"Lubrise Technology","description":"Sm\u00f6rjmedel och fetter av h\u00f6gsta kvalitet","publisher":{"@id":"https:\/\/lubrise.se\/#organization"},"potentialAction":[{"@type":"SearchAction","target":{"@type":"EntryPoint","urlTemplate":"https:\/\/lubrise.se\/?s={search_term_string}"},"query-input":{"@type":"PropertyValueSpecification","valueRequired":true,"valueName":"search_term_string"}}],"inLanguage":"sv-SE"},{"@type":"Organization","@id":"https:\/\/lubrise.se\/#organization","name":"Lubrise Technology","url":"https:\/\/lubrise.se\/","logo":{"@type":"ImageObject","inLanguage":"sv-SE","@id":"https:\/\/lubrise.se\/#\/schema\/logo\/image\/","url":"https:\/\/lubrise.se\/wp-content\/uploads\/2025\/04\/Lubrise-logo-1.svg","contentUrl":"https:\/\/lubrise.se\/wp-content\/uploads\/2025\/04\/Lubrise-logo-1.svg","width":708,"height":737,"caption":"Lubrise Technology"},"image":{"@id":"https:\/\/lubrise.se\/#\/schema\/logo\/image\/"}}]}},"_links":{"self":[{"href":"https:\/\/lubrise.se\/index.php\/wp-json\/wp\/v2\/pages\/21666","targetHints":{"allow":["GET"]}}],"collection":[{"href":"https:\/\/lubrise.se\/index.php\/wp-json\/wp\/v2\/pages"}],"about":[{"href":"https:\/\/lubrise.se\/index.php\/wp-json\/wp\/v2\/types\/page"}],"author":[{"embeddable":true,"href":"https:\/\/lubrise.se\/index.php\/wp-json\/wp\/v2\/users\/1"}],"replies":[{"embeddable":true,"href":"https:\/\/lubrise.se\/index.php\/wp-json\/wp\/v2\/comments?post=21666"}],"version-history":[{"count":19,"href":"https:\/\/lubrise.se\/index.php\/wp-json\/wp\/v2\/pages\/21666\/revisions"}],"predecessor-version":[{"id":21692,"href":"https:\/\/lubrise.se\/index.php\/wp-json\/wp\/v2\/pages\/21666\/revisions\/21692"}],"wp:attachment":[{"href":"https:\/\/lubrise.se\/index.php\/wp-json\/wp\/v2\/media?parent=21666"}],"curies":[{"name":"wp","href":"https:\/\/api.w.org\/{rel}","templated":true}]}}