{"id":21624,"date":"2026-02-20T15:10:19","date_gmt":"2026-02-20T14:10:19","guid":{"rendered":"https:\/\/www.lubrise.se\/?page_id=21624"},"modified":"2026-03-03T12:12:01","modified_gmt":"2026-03-03T11:12:01","slug":"lubrifood-degreaser","status":"publish","type":"page","link":"https:\/\/lubrise.se\/index.php\/lubrifood-degreaser\/","title":{"rendered":"LubriFood Degreaser"},"content":{"rendered":"\t\t<div data-elementor-type=\"wp-page\" data-elementor-id=\"21624\" class=\"elementor elementor-21624\" data-elementor-post-type=\"page\">\n\t\t\t\t<div class=\"elementor-element elementor-element-26cff49d e-con-full e-flex e-con e-parent\" data-id=\"26cff49d\" data-element_type=\"container\" data-e-type=\"container\" data-settings=\"{&quot;jet_parallax_layout_list&quot;:[]}\">\n\t\t<div class=\"elementor-element elementor-element-4a562e90 e-con-full e-flex e-con e-child\" data-id=\"4a562e90\" data-element_type=\"container\" data-e-type=\"container\" data-settings=\"{&quot;jet_parallax_layout_list&quot;:[]}\">\n\t\t<div class=\"elementor-element elementor-element-5e1a0a0b e-con-full e-flex e-con e-child\" data-id=\"5e1a0a0b\" data-element_type=\"container\" data-e-type=\"container\" data-settings=\"{&quot;background_background&quot;:&quot;classic&quot;,&quot;jet_parallax_layout_list&quot;:[]}\">\n\t\t\t\t<\/div>\n\t\t\t\t<\/div>\n\t\t<div class=\"elementor-element elementor-element-5c7aca0c e-con-full e-flex e-con e-child\" data-id=\"5c7aca0c\" data-element_type=\"container\" data-e-type=\"container\" data-settings=\"{&quot;jet_parallax_layout_list&quot;:[]}\">\n\t\t<div class=\"elementor-element elementor-element-639f7d83 e-con-full e-flex e-con e-child\" data-id=\"639f7d83\" data-element_type=\"container\" data-e-type=\"container\" data-settings=\"{&quot;jet_parallax_layout_list&quot;:[]}\">\n\t\t\t\t<div class=\"elementor-element elementor-element-5556b39e elementor-widget elementor-widget-image\" data-id=\"5556b39e\" data-element_type=\"widget\" data-e-type=\"widget\" data-widget_type=\"image.default\">\n\t\t\t\t<div class=\"elementor-widget-container\">\n\t\t\t\t\t\t\t\t\t\t\t\t\t\t\t<img decoding=\"async\" width=\"85\" height=\"300\" src=\"https:\/\/lubrise.se\/wp-content\/uploads\/2026\/02\/Lubrise-Lubrifood-degreaser-webb-85x300.jpg\" class=\"attachment-medium size-medium wp-image-21641\" alt=\"\" srcset=\"https:\/\/lubrise.se\/wp-content\/uploads\/2026\/02\/Lubrise-Lubrifood-degreaser-webb-85x300.jpg 85w, https:\/\/lubrise.se\/wp-content\/uploads\/2026\/02\/Lubrise-Lubrifood-degreaser-webb-289x1024.jpg 289w\" sizes=\"(max-width: 85px) 100vw, 85px\" \/>\t\t\t\t\t\t\t\t\t\t\t\t\t\t\t<\/div>\n\t\t\t\t<\/div>\n\t\t\t\t<div class=\"elementor-element elementor-element-47dcb7fb elementor-widget elementor-widget-heading\" data-id=\"47dcb7fb\" data-element_type=\"widget\" data-e-type=\"widget\" data-widget_type=\"heading.default\">\n\t\t\t\t<div class=\"elementor-widget-container\">\n\t\t\t\t\t<h2 class=\"elementor-heading-title elementor-size-default\">LubriFood Degreaser<\/h2>\t\t\t\t<\/div>\n\t\t\t\t<\/div>\n\t\t\t\t<div class=\"elementor-element elementor-element-7d42a71e elementor-widget elementor-widget-heading\" data-id=\"7d42a71e\" data-element_type=\"widget\" data-e-type=\"widget\" data-widget_type=\"heading.default\">\n\t\t\t\t<div class=\"elementor-widget-container\">\n\t\t\t\t\t<h6 class=\"elementor-heading-title elementor-size-default\">Food Clean &amp; Degrease<\/h6>\t\t\t\t<\/div>\n\t\t\t\t<\/div>\n\t\t\t\t<div class=\"elementor-element elementor-element-4098429b elementor-widget-divider--view-line elementor-widget elementor-widget-divider\" data-id=\"4098429b\" data-element_type=\"widget\" data-e-type=\"widget\" data-widget_type=\"divider.default\">\n\t\t\t\t<div class=\"elementor-widget-container\">\n\t\t\t\t\t\t\t<div class=\"elementor-divider\">\n\t\t\t<span class=\"elementor-divider-separator\">\n\t\t\t\t\t\t<\/span>\n\t\t<\/div>\n\t\t\t\t\t\t<\/div>\n\t\t\t\t<\/div>\n\t\t\t\t<div class=\"elementor-element elementor-element-6cafb43a elementor-widget elementor-widget-heading\" data-id=\"6cafb43a\" data-element_type=\"widget\" data-e-type=\"widget\" data-widget_type=\"heading.default\">\n\t\t\t\t<div class=\"elementor-widget-container\">\n\t\t\t\t\t<h2 class=\"elementor-heading-title elementor-size-default\">ART.nr: 769<\/h2>\t\t\t\t<\/div>\n\t\t\t\t<\/div>\n\t\t\t\t<div class=\"elementor-element elementor-element-1ea024ea elementor-widget-divider--view-line elementor-widget elementor-widget-divider\" data-id=\"1ea024ea\" data-element_type=\"widget\" data-e-type=\"widget\" data-widget_type=\"divider.default\">\n\t\t\t\t<div class=\"elementor-widget-container\">\n\t\t\t\t\t\t\t<div class=\"elementor-divider\">\n\t\t\t<span class=\"elementor-divider-separator\">\n\t\t\t\t\t\t<\/span>\n\t\t<\/div>\n\t\t\t\t\t\t<\/div>\n\t\t\t\t<\/div>\n\t\t\t\t<div class=\"elementor-element elementor-element-4668fc53 elementor-widget elementor-widget-heading\" data-id=\"4668fc53\" data-element_type=\"widget\" data-e-type=\"widget\" data-widget_type=\"heading.default\">\n\t\t\t\t<div class=\"elementor-widget-container\">\n\t\t\t\t\t<h5 class=\"elementor-heading-title elementor-size-default\">Produktbeskrivning<\/h5>\t\t\t\t<\/div>\n\t\t\t\t<\/div>\n\t\t\t\t<div class=\"elementor-element elementor-element-5322d46a elementor-widget elementor-widget-text-editor\" data-id=\"5322d46a\" data-element_type=\"widget\" data-e-type=\"widget\" data-widget_type=\"text-editor.default\">\n\t\t\t\t<div class=\"elementor-widget-container\">\n\t\t\t\t\t\t\t\t\t<p>LubriFood Degreaser \u00e4r en allround reng\u00f6ringsspray utvecklad f\u00f6r livsmedelsindustrin. Den har snabb avdunstning och l\u00e4mnar inga rester eller avlagringar. Produkten har endast en svag lukt. Mycket l\u00e4mplig f\u00f6r anv\u00e4ndning inom bryggeri, mejeri, slakteri, chark, bageri, l\u00e4kemedels- och tobaksindustri, samt andra renmilj\u00f6verksamheter.<\/p><p><strong>Livsmedelsanpassad H1 (FJ2328305)<\/strong><\/p><p><em>Skaka burken kraftigt innan och under anv\u00e4ndning.<\/em><\/p>\t\t\t\t\t\t\t\t<\/div>\n\t\t\t\t<\/div>\n\t\t\t\t<div class=\"elementor-element elementor-element-2a5f7809 elementor-widget elementor-widget-heading\" data-id=\"2a5f7809\" data-element_type=\"widget\" data-e-type=\"widget\" data-widget_type=\"heading.default\">\n\t\t\t\t<div class=\"elementor-widget-container\">\n\t\t\t\t\t<h5 class=\"elementor-heading-title elementor-size-default\">Anv\u00e4ndningsomr\u00e5den<\/h5>\t\t\t\t<\/div>\n\t\t\t\t<\/div>\n\t\t\t\t<div class=\"elementor-element elementor-element-1f23e6d3 elementor-icon-list--layout-traditional elementor-list-item-link-full_width elementor-widget elementor-widget-icon-list\" data-id=\"1f23e6d3\" data-element_type=\"widget\" data-e-type=\"widget\" data-widget_type=\"icon-list.default\">\n\t\t\t\t<div class=\"elementor-widget-container\">\n\t\t\t\t\t\t\t<ul class=\"elementor-icon-list-items\">\n\t\t\t\t\t\t\t<li class=\"elementor-icon-list-item\">\n\t\t\t\t\t\t\t\t\t\t\t<span class=\"elementor-icon-list-icon\">\n\t\t\t\t\t\t\t<svg aria-hidden=\"true\" class=\"e-font-icon-svg e-fas-check-circle\" viewBox=\"0 0 512 512\" xmlns=\"http:\/\/www.w3.org\/2000\/svg\"><path d=\"M504 256c0 136.967-111.033 248-248 248S8 392.967 8 256 119.033 8 256 8s248 111.033 248 248zM227.314 387.314l184-184c6.248-6.248 6.248-16.379 0-22.627l-22.627-22.627c-6.248-6.249-16.379-6.249-22.628 0L216 308.118l-70.059-70.059c-6.248-6.248-16.379-6.248-22.628 0l-22.627 22.627c-6.248 6.248-6.248 16.379 0 22.627l104 104c6.249 6.249 16.379 6.249 22.628.001z\"><\/path><\/svg>\t\t\t\t\t\t<\/span>\n\t\t\t\t\t\t\t\t\t\t<span class=\"elementor-icon-list-text\">Reng\u00f6ring av mekaniska delar inom livsmedelsindustrin.<\/span>\n\t\t\t\t\t\t\t\t\t<\/li>\n\t\t\t\t\t\t\t\t<li class=\"elementor-icon-list-item\">\n\t\t\t\t\t\t\t\t\t\t\t<span class=\"elementor-icon-list-icon\">\n\t\t\t\t\t\t\t<svg aria-hidden=\"true\" class=\"e-font-icon-svg e-fas-check-circle\" viewBox=\"0 0 512 512\" xmlns=\"http:\/\/www.w3.org\/2000\/svg\"><path d=\"M504 256c0 136.967-111.033 248-248 248S8 392.967 8 256 119.033 8 256 8s248 111.033 248 248zM227.314 387.314l184-184c6.248-6.248 6.248-16.379 0-22.627l-22.627-22.627c-6.248-6.249-16.379-6.249-22.628 0L216 308.118l-70.059-70.059c-6.248-6.248-16.379-6.248-22.628 0l-22.627 22.627c-6.248 6.248-6.248 16.379 0 22.627l104 104c6.249 6.249 16.379 6.249 22.628.001z\"><\/path><\/svg>\t\t\t\t\t\t<\/span>\n\t\t\t\t\t\t\t\t\t\t<span class=\"elementor-icon-list-text\">Kedjor<\/span>\n\t\t\t\t\t\t\t\t\t<\/li>\n\t\t\t\t\t\t\t\t<li class=\"elementor-icon-list-item\">\n\t\t\t\t\t\t\t\t\t\t\t<span class=\"elementor-icon-list-icon\">\n\t\t\t\t\t\t\t<svg aria-hidden=\"true\" class=\"e-font-icon-svg e-fas-check-circle\" viewBox=\"0 0 512 512\" xmlns=\"http:\/\/www.w3.org\/2000\/svg\"><path d=\"M504 256c0 136.967-111.033 248-248 248S8 392.967 8 256 119.033 8 256 8s248 111.033 248 248zM227.314 387.314l184-184c6.248-6.248 6.248-16.379 0-22.627l-22.627-22.627c-6.248-6.249-16.379-6.249-22.628 0L216 308.118l-70.059-70.059c-6.248-6.248-16.379-6.248-22.628 0l-22.627 22.627c-6.248 6.248-6.248 16.379 0 22.627l104 104c6.249 6.249 16.379 6.249 22.628.001z\"><\/path><\/svg>\t\t\t\t\t\t<\/span>\n\t\t\t\t\t\t\t\t\t\t<span class=\"elementor-icon-list-text\">Transportband<\/span>\n\t\t\t\t\t\t\t\t\t<\/li>\n\t\t\t\t\t\t\t\t<li class=\"elementor-icon-list-item\">\n\t\t\t\t\t\t\t\t\t\t\t<span class=\"elementor-icon-list-icon\">\n\t\t\t\t\t\t\t<svg aria-hidden=\"true\" class=\"e-font-icon-svg e-fas-check-circle\" viewBox=\"0 0 512 512\" xmlns=\"http:\/\/www.w3.org\/2000\/svg\"><path d=\"M504 256c0 136.967-111.033 248-248 248S8 392.967 8 256 119.033 8 256 8s248 111.033 248 248zM227.314 387.314l184-184c6.248-6.248 6.248-16.379 0-22.627l-22.627-22.627c-6.248-6.249-16.379-6.249-22.628 0L216 308.118l-70.059-70.059c-6.248-6.248-16.379-6.248-22.628 0l-22.627 22.627c-6.248 6.248-6.248 16.379 0 22.627l104 104c6.249 6.249 16.379 6.249 22.628.001z\"><\/path><\/svg>\t\t\t\t\t\t<\/span>\n\t\t\t\t\t\t\t\t\t\t<span class=\"elementor-icon-list-text\">Verktyg<\/span>\n\t\t\t\t\t\t\t\t\t<\/li>\n\t\t\t\t\t\t\t\t<li class=\"elementor-icon-list-item\">\n\t\t\t\t\t\t\t\t\t\t\t<span class=\"elementor-icon-list-icon\">\n\t\t\t\t\t\t\t<svg aria-hidden=\"true\" class=\"e-font-icon-svg e-fas-check-circle\" viewBox=\"0 0 512 512\" xmlns=\"http:\/\/www.w3.org\/2000\/svg\"><path d=\"M504 256c0 136.967-111.033 248-248 248S8 392.967 8 256 119.033 8 256 8s248 111.033 248 248zM227.314 387.314l184-184c6.248-6.248 6.248-16.379 0-22.627l-22.627-22.627c-6.248-6.249-16.379-6.249-22.628 0L216 308.118l-70.059-70.059c-6.248-6.248-16.379-6.248-22.628 0l-22.627 22.627c-6.248 6.248-6.248 16.379 0 22.627l104 104c6.249 6.249 16.379 6.249 22.628.001z\"><\/path><\/svg>\t\t\t\t\t\t<\/span>\n\t\t\t\t\t\t\t\t\t\t<span class=\"elementor-icon-list-text\">Kan anv\u00e4ndas p\u00e5 metall, gummi och de flesta plaster.<\/span>\n\t\t\t\t\t\t\t\t\t<\/li>\n\t\t\t\t\t\t<\/ul>\n\t\t\t\t\t\t<\/div>\n\t\t\t\t<\/div>\n\t\t\t\t<div class=\"elementor-element elementor-element-1470e223 elementor-widget elementor-widget-heading\" data-id=\"1470e223\" data-element_type=\"widget\" data-e-type=\"widget\" data-widget_type=\"heading.default\">\n\t\t\t\t<div class=\"elementor-widget-container\">\n\t\t\t\t\t<h5 class=\"elementor-heading-title elementor-size-default\">Teknisk data<\/h5>\t\t\t\t<\/div>\n\t\t\t\t<\/div>\n\t\t\t\t<div class=\"elementor-element elementor-element-2a387b01 elementor-widget elementor-widget-text-editor\" data-id=\"2a387b01\" data-element_type=\"widget\" data-e-type=\"widget\" data-widget_type=\"text-editor.default\">\n\t\t\t\t<div class=\"elementor-widget-container\">\n\t\t\t\t\t\t\t\t\t<p><i>F\u00e4rg: <\/i><i>Transparent<\/i><\/p><p>Flampunkt: &lt;21\u00b0C<\/p>\t\t\t\t\t\t\t\t<\/div>\n\t\t\t\t<\/div>\n\t\t\t\t<div class=\"elementor-element elementor-element-56f05f28 elementor-widget elementor-widget-heading\" data-id=\"56f05f28\" data-element_type=\"widget\" data-e-type=\"widget\" data-widget_type=\"heading.default\">\n\t\t\t\t<div class=\"elementor-widget-container\">\n\t\t\t\t\t<h5 class=\"elementor-heading-title elementor-size-default\">F\u00f6rpackningar<\/h5>\t\t\t\t<\/div>\n\t\t\t\t<\/div>\n\t\t\t\t<div class=\"elementor-element elementor-element-43588361 elementor-widget elementor-widget-text-editor\" data-id=\"43588361\" data-element_type=\"widget\" data-e-type=\"widget\" data-widget_type=\"text-editor.default\">\n\t\t\t\t<div class=\"elementor-widget-container\">\n\t\t\t\t\t\t\t\t\t<p>Aerosol 500ml<\/p>\t\t\t\t\t\t\t\t<\/div>\n\t\t\t\t<\/div>\n\t\t\t\t<div class=\"elementor-element elementor-element-75a8a5e2 elementor-widget elementor-widget-heading\" data-id=\"75a8a5e2\" data-element_type=\"widget\" data-e-type=\"widget\" data-widget_type=\"heading.default\">\n\t\t\t\t<div class=\"elementor-widget-container\">\n\t\t\t\t\t<h5 class=\"elementor-heading-title elementor-size-default\">Ladda ned dokument<\/h5>\t\t\t\t<\/div>\n\t\t\t\t<\/div>\n\t\t\t\t<div class=\"elementor-element elementor-element-2ca8a0e5 elementor-icon-list--layout-traditional elementor-list-item-link-full_width elementor-widget elementor-widget-icon-list\" data-id=\"2ca8a0e5\" data-element_type=\"widget\" data-e-type=\"widget\" data-widget_type=\"icon-list.default\">\n\t\t\t\t<div class=\"elementor-widget-container\">\n\t\t\t\t\t\t\t<ul class=\"elementor-icon-list-items\">\n\t\t\t\t\t\t\t<li class=\"elementor-icon-list-item\">\n\t\t\t\t\t\t\t\t\t\t\t<a href=\"https:\/\/www.lubrise.se\/wp-content\/uploads\/2026\/02\/Produktblad-Lubrifood-Degreaser.pdf\" target=\"_blank\">\n\n\t\t\t\t\t\t\t\t\t\t\t\t<span class=\"elementor-icon-list-icon\">\n\t\t\t\t\t\t\t<svg aria-hidden=\"true\" class=\"e-font-icon-svg e-fas-check\" viewBox=\"0 0 512 512\" xmlns=\"http:\/\/www.w3.org\/2000\/svg\"><path d=\"M173.898 439.404l-166.4-166.4c-9.997-9.997-9.997-26.206 0-36.204l36.203-36.204c9.997-9.998 26.207-9.998 36.204 0L192 312.69 432.095 72.596c9.997-9.997 26.207-9.997 36.204 0l36.203 36.204c9.997 9.997 9.997 26.206 0 36.204l-294.4 294.401c-9.998 9.997-26.207 9.997-36.204-.001z\"><\/path><\/svg>\t\t\t\t\t\t<\/span>\n\t\t\t\t\t\t\t\t\t\t<span class=\"elementor-icon-list-text\">Produktblad<\/span>\n\t\t\t\t\t\t\t\t\t\t\t<\/a>\n\t\t\t\t\t\t\t\t\t<\/li>\n\t\t\t\t\t\t\t\t<li class=\"elementor-icon-list-item\">\n\t\t\t\t\t\t\t\t\t\t\t<a href=\"https:\/\/www.lubrise.se\/wp-content\/uploads\/2026\/02\/Lubrifood-Degreaser-Sakerhetsdatablad.pdf\">\n\n\t\t\t\t\t\t\t\t\t\t\t\t<span class=\"elementor-icon-list-icon\">\n\t\t\t\t\t\t\t<svg aria-hidden=\"true\" class=\"e-font-icon-svg e-fas-check\" viewBox=\"0 0 512 512\" xmlns=\"http:\/\/www.w3.org\/2000\/svg\"><path d=\"M173.898 439.404l-166.4-166.4c-9.997-9.997-9.997-26.206 0-36.204l36.203-36.204c9.997-9.998 26.207-9.998 36.204 0L192 312.69 432.095 72.596c9.997-9.997 26.207-9.997 36.204 0l36.203 36.204c9.997 9.997 9.997 26.206 0 36.204l-294.4 294.401c-9.998 9.997-26.207 9.997-36.204-.001z\"><\/path><\/svg>\t\t\t\t\t\t<\/span>\n\t\t\t\t\t\t\t\t\t\t<span class=\"elementor-icon-list-text\">S\u00e4kerhetsdatablad<\/span>\n\t\t\t\t\t\t\t\t\t\t\t<\/a>\n\t\t\t\t\t\t\t\t\t<\/li>\n\t\t\t\t\t\t<\/ul>\n\t\t\t\t\t\t<\/div>\n\t\t\t\t<\/div>\n\t\t\t\t<\/div>\n\t\t\t\t<\/div>\n\t\t\t\t<\/div>\n\t\t\t\t<\/div>\n\t\t","protected":false},"excerpt":{"rendered":"<p>LubriFood Degreaser Food Clean &amp; Degrease ART.nr: 769 Produktbeskrivning LubriFood Degreaser \u00e4r en allround reng\u00f6ringsspray utvecklad f\u00f6r livsmedelsindustrin. Den har snabb avdunstning och l\u00e4mnar inga rester eller avlagringar. Produkten har endast en svag lukt. Mycket l\u00e4mplig f\u00f6r anv\u00e4ndning inom bryggeri, mejeri, slakteri, chark, bageri, l\u00e4kemedels- och tobaksindustri, samt andra renmilj\u00f6verksamheter. Livsmedelsanpassad H1 (FJ2328305) Skaka burken [&hellip;]<\/p>\n","protected":false},"author":1,"featured_media":0,"parent":0,"menu_order":0,"comment_status":"closed","ping_status":"closed","template":"","meta":{"pagelayer_contact_templates":[],"_pagelayer_content":"","footnotes":""},"class_list":["post-21624","page","type-page","status-publish","hentry"],"yoast_head":"<!-- This site is optimized with the Yoast SEO plugin v27.2 - https:\/\/yoast.com\/product\/yoast-seo-wordpress\/ -->\n<title>LubriFood Degreaser - Lubrise Technology<\/title>\n<meta name=\"robots\" content=\"index, follow, max-snippet:-1, max-image-preview:large, max-video-preview:-1\" \/>\n<link rel=\"canonical\" href=\"https:\/\/lubrise.se\/index.php\/lubrifood-degreaser\/\" \/>\n<meta property=\"og:locale\" content=\"sv_SE\" \/>\n<meta property=\"og:type\" content=\"article\" \/>\n<meta property=\"og:title\" content=\"LubriFood Degreaser - Lubrise Technology\" \/>\n<meta property=\"og:description\" content=\"LubriFood Degreaser Food Clean &amp; Degrease ART.nr: 769 Produktbeskrivning LubriFood Degreaser \u00e4r en allround reng\u00f6ringsspray utvecklad f\u00f6r livsmedelsindustrin. Den har snabb avdunstning och l\u00e4mnar inga rester eller avlagringar. Produkten har endast en svag lukt. Mycket l\u00e4mplig f\u00f6r anv\u00e4ndning inom bryggeri, mejeri, slakteri, chark, bageri, l\u00e4kemedels- och tobaksindustri, samt andra renmilj\u00f6verksamheter. Livsmedelsanpassad H1 (FJ2328305) Skaka burken [&hellip;]\" \/>\n<meta property=\"og:url\" content=\"https:\/\/lubrise.se\/index.php\/lubrifood-degreaser\/\" \/>\n<meta property=\"og:site_name\" content=\"Lubrise Technology\" \/>\n<meta property=\"article:modified_time\" content=\"2026-03-03T11:12:01+00:00\" \/>\n<meta property=\"og:image\" content=\"https:\/\/www.lubrise.se\/wp-content\/uploads\/2026\/02\/Lubrise-Lubrifood-degreaser-webb-85x300.jpg\" \/>\n<meta name=\"twitter:card\" content=\"summary_large_image\" \/>\n<meta name=\"twitter:label1\" content=\"Ber\u00e4knad l\u00e4stid\" \/>\n\t<meta name=\"twitter:data1\" content=\"1 minut\" \/>\n<script type=\"application\/ld+json\" class=\"yoast-schema-graph\">{\"@context\":\"https:\/\/schema.org\",\"@graph\":[{\"@type\":\"WebPage\",\"@id\":\"https:\/\/lubrise.se\/index.php\/lubrifood-degreaser\/\",\"url\":\"https:\/\/lubrise.se\/index.php\/lubrifood-degreaser\/\",\"name\":\"LubriFood Degreaser - Lubrise Technology\",\"isPartOf\":{\"@id\":\"https:\/\/lubrise.se\/#website\"},\"primaryImageOfPage\":{\"@id\":\"https:\/\/lubrise.se\/index.php\/lubrifood-degreaser\/#primaryimage\"},\"image\":{\"@id\":\"https:\/\/lubrise.se\/index.php\/lubrifood-degreaser\/#primaryimage\"},\"thumbnailUrl\":\"https:\/\/www.lubrise.se\/wp-content\/uploads\/2026\/02\/Lubrise-Lubrifood-degreaser-webb-85x300.jpg\",\"datePublished\":\"2026-02-20T14:10:19+00:00\",\"dateModified\":\"2026-03-03T11:12:01+00:00\",\"breadcrumb\":{\"@id\":\"https:\/\/lubrise.se\/index.php\/lubrifood-degreaser\/#breadcrumb\"},\"inLanguage\":\"sv-SE\",\"potentialAction\":[{\"@type\":\"ReadAction\",\"target\":[\"https:\/\/lubrise.se\/index.php\/lubrifood-degreaser\/\"]}]},{\"@type\":\"ImageObject\",\"inLanguage\":\"sv-SE\",\"@id\":\"https:\/\/lubrise.se\/index.php\/lubrifood-degreaser\/#primaryimage\",\"url\":\"https:\/\/www.lubrise.se\/wp-content\/uploads\/2026\/02\/Lubrise-Lubrifood-degreaser-webb-85x300.jpg\",\"contentUrl\":\"https:\/\/www.lubrise.se\/wp-content\/uploads\/2026\/02\/Lubrise-Lubrifood-degreaser-webb-85x300.jpg\"},{\"@type\":\"BreadcrumbList\",\"@id\":\"https:\/\/lubrise.se\/index.php\/lubrifood-degreaser\/#breadcrumb\",\"itemListElement\":[{\"@type\":\"ListItem\",\"position\":1,\"name\":\"Hem\",\"item\":\"https:\/\/lubrise.se\/\"},{\"@type\":\"ListItem\",\"position\":2,\"name\":\"LubriFood Degreaser\"}]},{\"@type\":\"WebSite\",\"@id\":\"https:\/\/lubrise.se\/#website\",\"url\":\"https:\/\/lubrise.se\/\",\"name\":\"Lubrise Technology\",\"description\":\"Sm\u00f6rjmedel och fetter av h\u00f6gsta kvalitet\",\"publisher\":{\"@id\":\"https:\/\/lubrise.se\/#organization\"},\"potentialAction\":[{\"@type\":\"SearchAction\",\"target\":{\"@type\":\"EntryPoint\",\"urlTemplate\":\"https:\/\/lubrise.se\/?s={search_term_string}\"},\"query-input\":{\"@type\":\"PropertyValueSpecification\",\"valueRequired\":true,\"valueName\":\"search_term_string\"}}],\"inLanguage\":\"sv-SE\"},{\"@type\":\"Organization\",\"@id\":\"https:\/\/lubrise.se\/#organization\",\"name\":\"Lubrise Technology\",\"url\":\"https:\/\/lubrise.se\/\",\"logo\":{\"@type\":\"ImageObject\",\"inLanguage\":\"sv-SE\",\"@id\":\"https:\/\/lubrise.se\/#\/schema\/logo\/image\/\",\"url\":\"https:\/\/lubrise.se\/wp-content\/uploads\/2025\/04\/Lubrise-logo-1.svg\",\"contentUrl\":\"https:\/\/lubrise.se\/wp-content\/uploads\/2025\/04\/Lubrise-logo-1.svg\",\"width\":708,\"height\":737,\"caption\":\"Lubrise Technology\"},\"image\":{\"@id\":\"https:\/\/lubrise.se\/#\/schema\/logo\/image\/\"}}]}<\/script>\n<!-- \/ Yoast SEO plugin. -->","yoast_head_json":{"title":"LubriFood Degreaser - Lubrise Technology","robots":{"index":"index","follow":"follow","max-snippet":"max-snippet:-1","max-image-preview":"max-image-preview:large","max-video-preview":"max-video-preview:-1"},"canonical":"https:\/\/lubrise.se\/index.php\/lubrifood-degreaser\/","og_locale":"sv_SE","og_type":"article","og_title":"LubriFood Degreaser - Lubrise Technology","og_description":"LubriFood Degreaser Food Clean &amp; Degrease ART.nr: 769 Produktbeskrivning LubriFood Degreaser \u00e4r en allround reng\u00f6ringsspray utvecklad f\u00f6r livsmedelsindustrin. Den har snabb avdunstning och l\u00e4mnar inga rester eller avlagringar. Produkten har endast en svag lukt. Mycket l\u00e4mplig f\u00f6r anv\u00e4ndning inom bryggeri, mejeri, slakteri, chark, bageri, l\u00e4kemedels- och tobaksindustri, samt andra renmilj\u00f6verksamheter. Livsmedelsanpassad H1 (FJ2328305) Skaka burken [&hellip;]","og_url":"https:\/\/lubrise.se\/index.php\/lubrifood-degreaser\/","og_site_name":"Lubrise Technology","article_modified_time":"2026-03-03T11:12:01+00:00","og_image":[{"url":"https:\/\/www.lubrise.se\/wp-content\/uploads\/2026\/02\/Lubrise-Lubrifood-degreaser-webb-85x300.jpg","type":"","width":"","height":""}],"twitter_card":"summary_large_image","twitter_misc":{"Ber\u00e4knad l\u00e4stid":"1 minut"},"schema":{"@context":"https:\/\/schema.org","@graph":[{"@type":"WebPage","@id":"https:\/\/lubrise.se\/index.php\/lubrifood-degreaser\/","url":"https:\/\/lubrise.se\/index.php\/lubrifood-degreaser\/","name":"LubriFood Degreaser - Lubrise Technology","isPartOf":{"@id":"https:\/\/lubrise.se\/#website"},"primaryImageOfPage":{"@id":"https:\/\/lubrise.se\/index.php\/lubrifood-degreaser\/#primaryimage"},"image":{"@id":"https:\/\/lubrise.se\/index.php\/lubrifood-degreaser\/#primaryimage"},"thumbnailUrl":"https:\/\/www.lubrise.se\/wp-content\/uploads\/2026\/02\/Lubrise-Lubrifood-degreaser-webb-85x300.jpg","datePublished":"2026-02-20T14:10:19+00:00","dateModified":"2026-03-03T11:12:01+00:00","breadcrumb":{"@id":"https:\/\/lubrise.se\/index.php\/lubrifood-degreaser\/#breadcrumb"},"inLanguage":"sv-SE","potentialAction":[{"@type":"ReadAction","target":["https:\/\/lubrise.se\/index.php\/lubrifood-degreaser\/"]}]},{"@type":"ImageObject","inLanguage":"sv-SE","@id":"https:\/\/lubrise.se\/index.php\/lubrifood-degreaser\/#primaryimage","url":"https:\/\/www.lubrise.se\/wp-content\/uploads\/2026\/02\/Lubrise-Lubrifood-degreaser-webb-85x300.jpg","contentUrl":"https:\/\/www.lubrise.se\/wp-content\/uploads\/2026\/02\/Lubrise-Lubrifood-degreaser-webb-85x300.jpg"},{"@type":"BreadcrumbList","@id":"https:\/\/lubrise.se\/index.php\/lubrifood-degreaser\/#breadcrumb","itemListElement":[{"@type":"ListItem","position":1,"name":"Hem","item":"https:\/\/lubrise.se\/"},{"@type":"ListItem","position":2,"name":"LubriFood Degreaser"}]},{"@type":"WebSite","@id":"https:\/\/lubrise.se\/#website","url":"https:\/\/lubrise.se\/","name":"Lubrise Technology","description":"Sm\u00f6rjmedel och fetter av h\u00f6gsta kvalitet","publisher":{"@id":"https:\/\/lubrise.se\/#organization"},"potentialAction":[{"@type":"SearchAction","target":{"@type":"EntryPoint","urlTemplate":"https:\/\/lubrise.se\/?s={search_term_string}"},"query-input":{"@type":"PropertyValueSpecification","valueRequired":true,"valueName":"search_term_string"}}],"inLanguage":"sv-SE"},{"@type":"Organization","@id":"https:\/\/lubrise.se\/#organization","name":"Lubrise Technology","url":"https:\/\/lubrise.se\/","logo":{"@type":"ImageObject","inLanguage":"sv-SE","@id":"https:\/\/lubrise.se\/#\/schema\/logo\/image\/","url":"https:\/\/lubrise.se\/wp-content\/uploads\/2025\/04\/Lubrise-logo-1.svg","contentUrl":"https:\/\/lubrise.se\/wp-content\/uploads\/2025\/04\/Lubrise-logo-1.svg","width":708,"height":737,"caption":"Lubrise Technology"},"image":{"@id":"https:\/\/lubrise.se\/#\/schema\/logo\/image\/"}}]}},"_links":{"self":[{"href":"https:\/\/lubrise.se\/index.php\/wp-json\/wp\/v2\/pages\/21624","targetHints":{"allow":["GET"]}}],"collection":[{"href":"https:\/\/lubrise.se\/index.php\/wp-json\/wp\/v2\/pages"}],"about":[{"href":"https:\/\/lubrise.se\/index.php\/wp-json\/wp\/v2\/types\/page"}],"author":[{"embeddable":true,"href":"https:\/\/lubrise.se\/index.php\/wp-json\/wp\/v2\/users\/1"}],"replies":[{"embeddable":true,"href":"https:\/\/lubrise.se\/index.php\/wp-json\/wp\/v2\/comments?post=21624"}],"version-history":[{"count":16,"href":"https:\/\/lubrise.se\/index.php\/wp-json\/wp\/v2\/pages\/21624\/revisions"}],"predecessor-version":[{"id":22052,"href":"https:\/\/lubrise.se\/index.php\/wp-json\/wp\/v2\/pages\/21624\/revisions\/22052"}],"wp:attachment":[{"href":"https:\/\/lubrise.se\/index.php\/wp-json\/wp\/v2\/media?parent=21624"}],"curies":[{"name":"wp","href":"https:\/\/api.w.org\/{rel}","templated":true}]}}