{"id":21534,"date":"2026-02-19T15:54:43","date_gmt":"2026-02-19T14:54:43","guid":{"rendered":"https:\/\/www.lubrise.se\/?page_id=21534"},"modified":"2026-02-19T15:55:37","modified_gmt":"2026-02-19T14:55:37","slug":"boomslide-tef-2","status":"publish","type":"page","link":"https:\/\/lubrise.se\/index.php\/boomslide-tef-2\/","title":{"rendered":"BoomSlide Tef"},"content":{"rendered":"\t\t<div data-elementor-type=\"wp-page\" data-elementor-id=\"21534\" class=\"elementor elementor-21534\" data-elementor-post-type=\"page\">\n\t\t\t\t<div class=\"elementor-element elementor-element-e5e7aec e-con-full e-flex e-con e-parent\" data-id=\"e5e7aec\" data-element_type=\"container\" data-e-type=\"container\" data-settings=\"{&quot;jet_parallax_layout_list&quot;:[]}\">\n\t\t<div class=\"elementor-element elementor-element-751f0153 e-con-full e-flex e-con e-child\" data-id=\"751f0153\" data-element_type=\"container\" data-e-type=\"container\" data-settings=\"{&quot;jet_parallax_layout_list&quot;:[]}\">\n\t\t<div class=\"elementor-element elementor-element-6b8b0fe6 e-con-full e-flex e-con e-child\" data-id=\"6b8b0fe6\" data-element_type=\"container\" data-e-type=\"container\" data-settings=\"{&quot;background_background&quot;:&quot;classic&quot;,&quot;jet_parallax_layout_list&quot;:[]}\">\n\t\t\t\t<\/div>\n\t\t\t\t<\/div>\n\t\t<div class=\"elementor-element elementor-element-7faa1b1c e-con-full e-flex e-con e-child\" data-id=\"7faa1b1c\" data-element_type=\"container\" data-e-type=\"container\" data-settings=\"{&quot;jet_parallax_layout_list&quot;:[]}\">\n\t\t<div class=\"elementor-element elementor-element-757de3f e-con-full e-flex e-con e-child\" data-id=\"757de3f\" data-element_type=\"container\" data-e-type=\"container\" data-settings=\"{&quot;jet_parallax_layout_list&quot;:[]}\">\n\t\t\t\t<div class=\"elementor-element elementor-element-39aa6ebc elementor-widget elementor-widget-image\" data-id=\"39aa6ebc\" data-element_type=\"widget\" data-e-type=\"widget\" data-widget_type=\"image.default\">\n\t\t\t\t<div class=\"elementor-widget-container\">\n\t\t\t\t\t\t\t\t\t\t\t\t\t\t\t<img decoding=\"async\" width=\"85\" height=\"300\" src=\"https:\/\/lubrise.se\/wp-content\/uploads\/2026\/02\/Lubrise-Boomslide-webb-85x300.jpg\" class=\"attachment-medium size-medium wp-image-21394\" alt=\"\" srcset=\"https:\/\/lubrise.se\/wp-content\/uploads\/2026\/02\/Lubrise-Boomslide-webb-85x300.jpg 85w, https:\/\/lubrise.se\/wp-content\/uploads\/2026\/02\/Lubrise-Boomslide-webb-289x1024.jpg 289w\" sizes=\"(max-width: 85px) 100vw, 85px\" \/>\t\t\t\t\t\t\t\t\t\t\t\t\t\t\t<\/div>\n\t\t\t\t<\/div>\n\t\t\t\t<div class=\"elementor-element elementor-element-27f3f9dc elementor-widget elementor-widget-heading\" data-id=\"27f3f9dc\" data-element_type=\"widget\" data-e-type=\"widget\" data-widget_type=\"heading.default\">\n\t\t\t\t<div class=\"elementor-widget-container\">\n\t\t\t\t\t<h2 class=\"elementor-heading-title elementor-size-default\">Boomslide tef<\/h2>\t\t\t\t<\/div>\n\t\t\t\t<\/div>\n\t\t\t\t<div class=\"elementor-element elementor-element-6b20a8fc elementor-widget elementor-widget-heading\" data-id=\"6b20a8fc\" data-element_type=\"widget\" data-e-type=\"widget\" data-widget_type=\"heading.default\">\n\t\t\t\t<div class=\"elementor-widget-container\">\n\t\t\t\t\t<h6 class=\"elementor-heading-title elementor-size-default\">Strong Adhesion &amp; Waterproof<\/h6>\t\t\t\t<\/div>\n\t\t\t\t<\/div>\n\t\t\t\t<div class=\"elementor-element elementor-element-4d4bc276 elementor-widget-divider--view-line elementor-widget elementor-widget-divider\" data-id=\"4d4bc276\" data-element_type=\"widget\" data-e-type=\"widget\" data-widget_type=\"divider.default\">\n\t\t\t\t<div class=\"elementor-widget-container\">\n\t\t\t\t\t\t\t<div class=\"elementor-divider\">\n\t\t\t<span class=\"elementor-divider-separator\">\n\t\t\t\t\t\t<\/span>\n\t\t<\/div>\n\t\t\t\t\t\t<\/div>\n\t\t\t\t<\/div>\n\t\t\t\t<div class=\"elementor-element elementor-element-1f71772b elementor-widget elementor-widget-heading\" data-id=\"1f71772b\" data-element_type=\"widget\" data-e-type=\"widget\" data-widget_type=\"heading.default\">\n\t\t\t\t<div class=\"elementor-widget-container\">\n\t\t\t\t\t<h2 class=\"elementor-heading-title elementor-size-default\">ART.nr: 477<\/h2>\t\t\t\t<\/div>\n\t\t\t\t<\/div>\n\t\t\t\t<div class=\"elementor-element elementor-element-6c0d2db9 elementor-widget-divider--view-line elementor-widget elementor-widget-divider\" data-id=\"6c0d2db9\" data-element_type=\"widget\" data-e-type=\"widget\" data-widget_type=\"divider.default\">\n\t\t\t\t<div class=\"elementor-widget-container\">\n\t\t\t\t\t\t\t<div class=\"elementor-divider\">\n\t\t\t<span class=\"elementor-divider-separator\">\n\t\t\t\t\t\t<\/span>\n\t\t<\/div>\n\t\t\t\t\t\t<\/div>\n\t\t\t\t<\/div>\n\t\t\t\t<div class=\"elementor-element elementor-element-4ab74a95 elementor-widget elementor-widget-heading\" data-id=\"4ab74a95\" data-element_type=\"widget\" data-e-type=\"widget\" data-widget_type=\"heading.default\">\n\t\t\t\t<div class=\"elementor-widget-container\">\n\t\t\t\t\t<h5 class=\"elementor-heading-title elementor-size-default\">Produktbeskrivning<\/h5>\t\t\t\t<\/div>\n\t\t\t\t<\/div>\n\t\t\t\t<div class=\"elementor-element elementor-element-1abca2f2 elementor-widget elementor-widget-text-editor\" data-id=\"1abca2f2\" data-element_type=\"widget\" data-e-type=\"widget\" data-widget_type=\"text-editor.default\">\n\t\t\t\t<div class=\"elementor-widget-container\">\n\t\t\t\t\t\t\t\t\t<p>BoomSlide Tef \u00e4r ett transparent, vattenfast och l\u00e5ngtidsverkande sm\u00f6rjmedel f\u00f6r kranbommar, utskjut, gaffelspridare och andra glidytor. Den \u00e4r l\u00e4tt att applicera och efterl\u00e4mnar en starkt vidh\u00e4ftande sm\u00f6rjfilm som klarar alla sorts v\u00e4der. BoomSlide med Teflon\u00ae \u00e4r livsmedelsanpassad och anv\u00e4ndarv\u00e4nlig.<br \/><br \/><strong>Livsmedelsanpassad H1 (FJ2328301)<\/strong> <br \/><br \/><em>Skaka burken kraftigt innan och under anv\u00e4ndning.<\/em><\/p>\t\t\t\t\t\t\t\t<\/div>\n\t\t\t\t<\/div>\n\t\t\t\t<div class=\"elementor-element elementor-element-7d0fffe3 elementor-widget elementor-widget-heading\" data-id=\"7d0fffe3\" data-element_type=\"widget\" data-e-type=\"widget\" data-widget_type=\"heading.default\">\n\t\t\t\t<div class=\"elementor-widget-container\">\n\t\t\t\t\t<h5 class=\"elementor-heading-title elementor-size-default\">Anv\u00e4ndningsomr\u00e5den<\/h5>\t\t\t\t<\/div>\n\t\t\t\t<\/div>\n\t\t\t\t<div class=\"elementor-element elementor-element-2f176283 elementor-icon-list--layout-traditional elementor-list-item-link-full_width elementor-widget elementor-widget-icon-list\" data-id=\"2f176283\" data-element_type=\"widget\" data-e-type=\"widget\" data-widget_type=\"icon-list.default\">\n\t\t\t\t<div class=\"elementor-widget-container\">\n\t\t\t\t\t\t\t<ul class=\"elementor-icon-list-items\">\n\t\t\t\t\t\t\t<li class=\"elementor-icon-list-item\">\n\t\t\t\t\t\t\t\t\t\t\t<span class=\"elementor-icon-list-icon\">\n\t\t\t\t\t\t\t<svg aria-hidden=\"true\" class=\"e-font-icon-svg e-fas-check-circle\" viewBox=\"0 0 512 512\" xmlns=\"http:\/\/www.w3.org\/2000\/svg\"><path d=\"M504 256c0 136.967-111.033 248-248 248S8 392.967 8 256 119.033 8 256 8s248 111.033 248 248zM227.314 387.314l184-184c6.248-6.248 6.248-16.379 0-22.627l-22.627-22.627c-6.248-6.249-16.379-6.249-22.628 0L216 308.118l-70.059-70.059c-6.248-6.248-16.379-6.248-22.628 0l-22.627 22.627c-6.248 6.248-6.248 16.379 0 22.627l104 104c6.249 6.249 16.379 6.249 22.628.001z\"><\/path><\/svg>\t\t\t\t\t\t<\/span>\n\t\t\t\t\t\t\t\t\t\t<span class=\"elementor-icon-list-text\">Kranbommar<\/span>\n\t\t\t\t\t\t\t\t\t<\/li>\n\t\t\t\t\t\t\t\t<li class=\"elementor-icon-list-item\">\n\t\t\t\t\t\t\t\t\t\t\t<span class=\"elementor-icon-list-icon\">\n\t\t\t\t\t\t\t<svg aria-hidden=\"true\" class=\"e-font-icon-svg e-fas-check-circle\" viewBox=\"0 0 512 512\" xmlns=\"http:\/\/www.w3.org\/2000\/svg\"><path d=\"M504 256c0 136.967-111.033 248-248 248S8 392.967 8 256 119.033 8 256 8s248 111.033 248 248zM227.314 387.314l184-184c6.248-6.248 6.248-16.379 0-22.627l-22.627-22.627c-6.248-6.249-16.379-6.249-22.628 0L216 308.118l-70.059-70.059c-6.248-6.248-16.379-6.248-22.628 0l-22.627 22.627c-6.248 6.248-6.248 16.379 0 22.627l104 104c6.249 6.249 16.379 6.249 22.628.001z\"><\/path><\/svg>\t\t\t\t\t\t<\/span>\n\t\t\t\t\t\t\t\t\t\t<span class=\"elementor-icon-list-text\">Utskjut t ex st\u00f6dben<\/span>\n\t\t\t\t\t\t\t\t\t<\/li>\n\t\t\t\t\t\t\t\t<li class=\"elementor-icon-list-item\">\n\t\t\t\t\t\t\t\t\t\t\t<span class=\"elementor-icon-list-icon\">\n\t\t\t\t\t\t\t<svg aria-hidden=\"true\" class=\"e-font-icon-svg e-fas-check-circle\" viewBox=\"0 0 512 512\" xmlns=\"http:\/\/www.w3.org\/2000\/svg\"><path d=\"M504 256c0 136.967-111.033 248-248 248S8 392.967 8 256 119.033 8 256 8s248 111.033 248 248zM227.314 387.314l184-184c6.248-6.248 6.248-16.379 0-22.627l-22.627-22.627c-6.248-6.249-16.379-6.249-22.628 0L216 308.118l-70.059-70.059c-6.248-6.248-16.379-6.248-22.628 0l-22.627 22.627c-6.248 6.248-6.248 16.379 0 22.627l104 104c6.249 6.249 16.379 6.249 22.628.001z\"><\/path><\/svg>\t\t\t\t\t\t<\/span>\n\t\t\t\t\t\t\t\t\t\t<span class=\"elementor-icon-list-text\">Gaffelspridare<\/span>\n\t\t\t\t\t\t\t\t\t<\/li>\n\t\t\t\t\t\t\t\t<li class=\"elementor-icon-list-item\">\n\t\t\t\t\t\t\t\t\t\t\t<span class=\"elementor-icon-list-icon\">\n\t\t\t\t\t\t\t<svg aria-hidden=\"true\" class=\"e-font-icon-svg e-fas-check-circle\" viewBox=\"0 0 512 512\" xmlns=\"http:\/\/www.w3.org\/2000\/svg\"><path d=\"M504 256c0 136.967-111.033 248-248 248S8 392.967 8 256 119.033 8 256 8s248 111.033 248 248zM227.314 387.314l184-184c6.248-6.248 6.248-16.379 0-22.627l-22.627-22.627c-6.248-6.249-16.379-6.249-22.628 0L216 308.118l-70.059-70.059c-6.248-6.248-16.379-6.248-22.628 0l-22.627 22.627c-6.248 6.248-6.248 16.379 0 22.627l104 104c6.249 6.249 16.379 6.249 22.628.001z\"><\/path><\/svg>\t\t\t\t\t\t<\/span>\n\t\t\t\t\t\t\t\t\t\t<span class=\"elementor-icon-list-text\">Glidytor<\/span>\n\t\t\t\t\t\t\t\t\t<\/li>\n\t\t\t\t\t\t\t\t<li class=\"elementor-icon-list-item\">\n\t\t\t\t\t\t\t\t\t\t\t<span class=\"elementor-icon-list-icon\">\n\t\t\t\t\t\t\t<svg aria-hidden=\"true\" class=\"e-font-icon-svg e-fas-check-circle\" viewBox=\"0 0 512 512\" xmlns=\"http:\/\/www.w3.org\/2000\/svg\"><path d=\"M504 256c0 136.967-111.033 248-248 248S8 392.967 8 256 119.033 8 256 8s248 111.033 248 248zM227.314 387.314l184-184c6.248-6.248 6.248-16.379 0-22.627l-22.627-22.627c-6.248-6.249-16.379-6.249-22.628 0L216 308.118l-70.059-70.059c-6.248-6.248-16.379-6.248-22.628 0l-22.627 22.627c-6.248 6.248-6.248 16.379 0 22.627l104 104c6.249 6.249 16.379 6.249 22.628.001z\"><\/path><\/svg>\t\t\t\t\t\t<\/span>\n\t\t\t\t\t\t\t\t\t\t<span class=\"elementor-icon-list-text\">Gejdrar<\/span>\n\t\t\t\t\t\t\t\t\t<\/li>\n\t\t\t\t\t\t\t\t<li class=\"elementor-icon-list-item\">\n\t\t\t\t\t\t\t\t\t\t\t<span class=\"elementor-icon-list-icon\">\n\t\t\t\t\t\t\t<svg aria-hidden=\"true\" class=\"e-font-icon-svg e-fas-check-circle\" viewBox=\"0 0 512 512\" xmlns=\"http:\/\/www.w3.org\/2000\/svg\"><path d=\"M504 256c0 136.967-111.033 248-248 248S8 392.967 8 256 119.033 8 256 8s248 111.033 248 248zM227.314 387.314l184-184c6.248-6.248 6.248-16.379 0-22.627l-22.627-22.627c-6.248-6.249-16.379-6.249-22.628 0L216 308.118l-70.059-70.059c-6.248-6.248-16.379-6.248-22.628 0l-22.627 22.627c-6.248 6.248-6.248 16.379 0 22.627l104 104c6.249 6.249 16.379 6.249 22.628.001z\"><\/path><\/svg>\t\t\t\t\t\t<\/span>\n\t\t\t\t\t\t\t\t\t\t<span class=\"elementor-icon-list-text\">G\u00e5ngj\u00e4rn<\/span>\n\t\t\t\t\t\t\t\t\t<\/li>\n\t\t\t\t\t\t<\/ul>\n\t\t\t\t\t\t<\/div>\n\t\t\t\t<\/div>\n\t\t\t\t<div class=\"elementor-element elementor-element-66bf92e2 elementor-widget elementor-widget-heading\" data-id=\"66bf92e2\" data-element_type=\"widget\" data-e-type=\"widget\" data-widget_type=\"heading.default\">\n\t\t\t\t<div class=\"elementor-widget-container\">\n\t\t\t\t\t<h5 class=\"elementor-heading-title elementor-size-default\">Teknisk data<\/h5>\t\t\t\t<\/div>\n\t\t\t\t<\/div>\n\t\t\t\t<div class=\"elementor-element elementor-element-22da3e2f elementor-widget elementor-widget-text-editor\" data-id=\"22da3e2f\" data-element_type=\"widget\" data-e-type=\"widget\" data-widget_type=\"text-editor.default\">\n\t\t\t\t<div class=\"elementor-widget-container\">\n\t\t\t\t\t\t\t\t\t<p><i>F\u00e4rg: <\/i><i>Transparent<\/i><\/p><p><i>Temperaturomr\u00e5de: <\/i><i>-25\u00b0C\u2026+190\u00b0C<\/i><\/p>\t\t\t\t\t\t\t\t<\/div>\n\t\t\t\t<\/div>\n\t\t\t\t<div class=\"elementor-element elementor-element-4597ab3 elementor-widget elementor-widget-heading\" data-id=\"4597ab3\" data-element_type=\"widget\" data-e-type=\"widget\" data-widget_type=\"heading.default\">\n\t\t\t\t<div class=\"elementor-widget-container\">\n\t\t\t\t\t<h5 class=\"elementor-heading-title elementor-size-default\">F\u00f6rpackningar<\/h5>\t\t\t\t<\/div>\n\t\t\t\t<\/div>\n\t\t\t\t<div class=\"elementor-element elementor-element-425b600b elementor-widget elementor-widget-text-editor\" data-id=\"425b600b\" data-element_type=\"widget\" data-e-type=\"widget\" data-widget_type=\"text-editor.default\">\n\t\t\t\t<div class=\"elementor-widget-container\">\n\t\t\t\t\t\t\t\t\t<p>Aerosol 500ml<\/p>\t\t\t\t\t\t\t\t<\/div>\n\t\t\t\t<\/div>\n\t\t\t\t<div class=\"elementor-element elementor-element-24765e8c elementor-widget elementor-widget-heading\" data-id=\"24765e8c\" data-element_type=\"widget\" data-e-type=\"widget\" data-widget_type=\"heading.default\">\n\t\t\t\t<div class=\"elementor-widget-container\">\n\t\t\t\t\t<h5 class=\"elementor-heading-title elementor-size-default\">Ladda ned dokument<\/h5>\t\t\t\t<\/div>\n\t\t\t\t<\/div>\n\t\t\t\t<div class=\"elementor-element elementor-element-7afb065a elementor-icon-list--layout-traditional elementor-list-item-link-full_width elementor-widget elementor-widget-icon-list\" data-id=\"7afb065a\" data-element_type=\"widget\" data-e-type=\"widget\" data-widget_type=\"icon-list.default\">\n\t\t\t\t<div class=\"elementor-widget-container\">\n\t\t\t\t\t\t\t<ul class=\"elementor-icon-list-items\">\n\t\t\t\t\t\t\t<li class=\"elementor-icon-list-item\">\n\t\t\t\t\t\t\t\t\t\t\t<a href=\"https:\/\/www.lubrise.se\/wp-content\/uploads\/2026\/02\/produktblad-boomslide-tef.pdf\" target=\"_blank\">\n\n\t\t\t\t\t\t\t\t\t\t\t\t<span class=\"elementor-icon-list-icon\">\n\t\t\t\t\t\t\t<svg aria-hidden=\"true\" class=\"e-font-icon-svg e-fas-check\" viewBox=\"0 0 512 512\" xmlns=\"http:\/\/www.w3.org\/2000\/svg\"><path d=\"M173.898 439.404l-166.4-166.4c-9.997-9.997-9.997-26.206 0-36.204l36.203-36.204c9.997-9.998 26.207-9.998 36.204 0L192 312.69 432.095 72.596c9.997-9.997 26.207-9.997 36.204 0l36.203 36.204c9.997 9.997 9.997 26.206 0 36.204l-294.4 294.401c-9.998 9.997-26.207 9.997-36.204-.001z\"><\/path><\/svg>\t\t\t\t\t\t<\/span>\n\t\t\t\t\t\t\t\t\t\t<span class=\"elementor-icon-list-text\">Produktblad<\/span>\n\t\t\t\t\t\t\t\t\t\t\t<\/a>\n\t\t\t\t\t\t\t\t\t<\/li>\n\t\t\t\t\t\t\t\t<li class=\"elementor-icon-list-item\">\n\t\t\t\t\t\t\t\t\t\t\t<a href=\"https:\/\/www.lubrise.se\/wp-content\/uploads\/2026\/02\/sdb-lubrise-boomslide-tef-477.pdf\">\n\n\t\t\t\t\t\t\t\t\t\t\t\t<span class=\"elementor-icon-list-icon\">\n\t\t\t\t\t\t\t<svg aria-hidden=\"true\" class=\"e-font-icon-svg e-fas-check\" viewBox=\"0 0 512 512\" xmlns=\"http:\/\/www.w3.org\/2000\/svg\"><path d=\"M173.898 439.404l-166.4-166.4c-9.997-9.997-9.997-26.206 0-36.204l36.203-36.204c9.997-9.998 26.207-9.998 36.204 0L192 312.69 432.095 72.596c9.997-9.997 26.207-9.997 36.204 0l36.203 36.204c9.997 9.997 9.997 26.206 0 36.204l-294.4 294.401c-9.998 9.997-26.207 9.997-36.204-.001z\"><\/path><\/svg>\t\t\t\t\t\t<\/span>\n\t\t\t\t\t\t\t\t\t\t<span class=\"elementor-icon-list-text\">S\u00e4kerhetsdatablad<\/span>\n\t\t\t\t\t\t\t\t\t\t\t<\/a>\n\t\t\t\t\t\t\t\t\t<\/li>\n\t\t\t\t\t\t<\/ul>\n\t\t\t\t\t\t<\/div>\n\t\t\t\t<\/div>\n\t\t\t\t<\/div>\n\t\t\t\t<\/div>\n\t\t\t\t<\/div>\n\t\t\t\t<\/div>\n\t\t","protected":false},"excerpt":{"rendered":"<p>Boomslide tef Strong Adhesion &amp; Waterproof ART.nr: 477 Produktbeskrivning BoomSlide Tef \u00e4r ett transparent, vattenfast och l\u00e5ngtidsverkande sm\u00f6rjmedel f\u00f6r kranbommar, utskjut, gaffelspridare och andra glidytor. Den \u00e4r l\u00e4tt att applicera och efterl\u00e4mnar en starkt vidh\u00e4ftande sm\u00f6rjfilm som klarar alla sorts v\u00e4der. BoomSlide med Teflon\u00ae \u00e4r livsmedelsanpassad och anv\u00e4ndarv\u00e4nlig. Livsmedelsanpassad H1 (FJ2328301) Skaka burken kraftigt innan [&hellip;]<\/p>\n","protected":false},"author":1,"featured_media":0,"parent":0,"menu_order":0,"comment_status":"closed","ping_status":"closed","template":"","meta":{"pagelayer_contact_templates":[],"_pagelayer_content":"","footnotes":""},"class_list":["post-21534","page","type-page","status-publish","hentry"],"yoast_head":"<!-- This site is optimized with the Yoast SEO plugin v27.2 - https:\/\/yoast.com\/product\/yoast-seo-wordpress\/ -->\n<title>BoomSlide Tef - Lubrise Technology<\/title>\n<meta name=\"robots\" content=\"index, follow, max-snippet:-1, max-image-preview:large, max-video-preview:-1\" \/>\n<link rel=\"canonical\" href=\"https:\/\/lubrise.se\/index.php\/boomslide-tef-2\/\" \/>\n<meta property=\"og:locale\" content=\"sv_SE\" \/>\n<meta property=\"og:type\" content=\"article\" \/>\n<meta property=\"og:title\" content=\"BoomSlide Tef - Lubrise Technology\" \/>\n<meta property=\"og:description\" content=\"Boomslide tef Strong Adhesion &amp; Waterproof ART.nr: 477 Produktbeskrivning BoomSlide Tef \u00e4r ett transparent, vattenfast och l\u00e5ngtidsverkande sm\u00f6rjmedel f\u00f6r kranbommar, utskjut, gaffelspridare och andra glidytor. Den \u00e4r l\u00e4tt att applicera och efterl\u00e4mnar en starkt vidh\u00e4ftande sm\u00f6rjfilm som klarar alla sorts v\u00e4der. BoomSlide med Teflon\u00ae \u00e4r livsmedelsanpassad och anv\u00e4ndarv\u00e4nlig. Livsmedelsanpassad H1 (FJ2328301) Skaka burken kraftigt innan [&hellip;]\" \/>\n<meta property=\"og:url\" content=\"https:\/\/lubrise.se\/index.php\/boomslide-tef-2\/\" \/>\n<meta property=\"og:site_name\" content=\"Lubrise Technology\" \/>\n<meta property=\"article:modified_time\" content=\"2026-02-19T14:55:37+00:00\" \/>\n<meta property=\"og:image\" content=\"https:\/\/www.lubrise.se\/wp-content\/uploads\/2026\/02\/Lubrise-Boomslide-webb-85x300.jpg\" \/>\n<meta name=\"twitter:card\" content=\"summary_large_image\" \/>\n<meta name=\"twitter:label1\" content=\"Ber\u00e4knad l\u00e4stid\" \/>\n\t<meta name=\"twitter:data1\" content=\"1 minut\" \/>\n<script type=\"application\/ld+json\" class=\"yoast-schema-graph\">{\"@context\":\"https:\/\/schema.org\",\"@graph\":[{\"@type\":\"WebPage\",\"@id\":\"https:\/\/lubrise.se\/index.php\/boomslide-tef-2\/\",\"url\":\"https:\/\/lubrise.se\/index.php\/boomslide-tef-2\/\",\"name\":\"BoomSlide Tef - Lubrise Technology\",\"isPartOf\":{\"@id\":\"https:\/\/lubrise.se\/#website\"},\"primaryImageOfPage\":{\"@id\":\"https:\/\/lubrise.se\/index.php\/boomslide-tef-2\/#primaryimage\"},\"image\":{\"@id\":\"https:\/\/lubrise.se\/index.php\/boomslide-tef-2\/#primaryimage\"},\"thumbnailUrl\":\"https:\/\/www.lubrise.se\/wp-content\/uploads\/2026\/02\/Lubrise-Boomslide-webb-85x300.jpg\",\"datePublished\":\"2026-02-19T14:54:43+00:00\",\"dateModified\":\"2026-02-19T14:55:37+00:00\",\"breadcrumb\":{\"@id\":\"https:\/\/lubrise.se\/index.php\/boomslide-tef-2\/#breadcrumb\"},\"inLanguage\":\"sv-SE\",\"potentialAction\":[{\"@type\":\"ReadAction\",\"target\":[\"https:\/\/lubrise.se\/index.php\/boomslide-tef-2\/\"]}]},{\"@type\":\"ImageObject\",\"inLanguage\":\"sv-SE\",\"@id\":\"https:\/\/lubrise.se\/index.php\/boomslide-tef-2\/#primaryimage\",\"url\":\"https:\/\/www.lubrise.se\/wp-content\/uploads\/2026\/02\/Lubrise-Boomslide-webb-85x300.jpg\",\"contentUrl\":\"https:\/\/www.lubrise.se\/wp-content\/uploads\/2026\/02\/Lubrise-Boomslide-webb-85x300.jpg\"},{\"@type\":\"BreadcrumbList\",\"@id\":\"https:\/\/lubrise.se\/index.php\/boomslide-tef-2\/#breadcrumb\",\"itemListElement\":[{\"@type\":\"ListItem\",\"position\":1,\"name\":\"Hem\",\"item\":\"https:\/\/lubrise.se\/\"},{\"@type\":\"ListItem\",\"position\":2,\"name\":\"BoomSlide Tef\"}]},{\"@type\":\"WebSite\",\"@id\":\"https:\/\/lubrise.se\/#website\",\"url\":\"https:\/\/lubrise.se\/\",\"name\":\"Lubrise Technology\",\"description\":\"Sm\u00f6rjmedel och fetter av h\u00f6gsta kvalitet\",\"publisher\":{\"@id\":\"https:\/\/lubrise.se\/#organization\"},\"potentialAction\":[{\"@type\":\"SearchAction\",\"target\":{\"@type\":\"EntryPoint\",\"urlTemplate\":\"https:\/\/lubrise.se\/?s={search_term_string}\"},\"query-input\":{\"@type\":\"PropertyValueSpecification\",\"valueRequired\":true,\"valueName\":\"search_term_string\"}}],\"inLanguage\":\"sv-SE\"},{\"@type\":\"Organization\",\"@id\":\"https:\/\/lubrise.se\/#organization\",\"name\":\"Lubrise Technology\",\"url\":\"https:\/\/lubrise.se\/\",\"logo\":{\"@type\":\"ImageObject\",\"inLanguage\":\"sv-SE\",\"@id\":\"https:\/\/lubrise.se\/#\/schema\/logo\/image\/\",\"url\":\"https:\/\/lubrise.se\/wp-content\/uploads\/2025\/04\/Lubrise-logo-1.svg\",\"contentUrl\":\"https:\/\/lubrise.se\/wp-content\/uploads\/2025\/04\/Lubrise-logo-1.svg\",\"width\":708,\"height\":737,\"caption\":\"Lubrise Technology\"},\"image\":{\"@id\":\"https:\/\/lubrise.se\/#\/schema\/logo\/image\/\"}}]}<\/script>\n<!-- \/ Yoast SEO plugin. -->","yoast_head_json":{"title":"BoomSlide Tef - Lubrise Technology","robots":{"index":"index","follow":"follow","max-snippet":"max-snippet:-1","max-image-preview":"max-image-preview:large","max-video-preview":"max-video-preview:-1"},"canonical":"https:\/\/lubrise.se\/index.php\/boomslide-tef-2\/","og_locale":"sv_SE","og_type":"article","og_title":"BoomSlide Tef - Lubrise Technology","og_description":"Boomslide tef Strong Adhesion &amp; Waterproof ART.nr: 477 Produktbeskrivning BoomSlide Tef \u00e4r ett transparent, vattenfast och l\u00e5ngtidsverkande sm\u00f6rjmedel f\u00f6r kranbommar, utskjut, gaffelspridare och andra glidytor. Den \u00e4r l\u00e4tt att applicera och efterl\u00e4mnar en starkt vidh\u00e4ftande sm\u00f6rjfilm som klarar alla sorts v\u00e4der. BoomSlide med Teflon\u00ae \u00e4r livsmedelsanpassad och anv\u00e4ndarv\u00e4nlig. Livsmedelsanpassad H1 (FJ2328301) Skaka burken kraftigt innan [&hellip;]","og_url":"https:\/\/lubrise.se\/index.php\/boomslide-tef-2\/","og_site_name":"Lubrise Technology","article_modified_time":"2026-02-19T14:55:37+00:00","og_image":[{"url":"https:\/\/www.lubrise.se\/wp-content\/uploads\/2026\/02\/Lubrise-Boomslide-webb-85x300.jpg","type":"","width":"","height":""}],"twitter_card":"summary_large_image","twitter_misc":{"Ber\u00e4knad l\u00e4stid":"1 minut"},"schema":{"@context":"https:\/\/schema.org","@graph":[{"@type":"WebPage","@id":"https:\/\/lubrise.se\/index.php\/boomslide-tef-2\/","url":"https:\/\/lubrise.se\/index.php\/boomslide-tef-2\/","name":"BoomSlide Tef - Lubrise Technology","isPartOf":{"@id":"https:\/\/lubrise.se\/#website"},"primaryImageOfPage":{"@id":"https:\/\/lubrise.se\/index.php\/boomslide-tef-2\/#primaryimage"},"image":{"@id":"https:\/\/lubrise.se\/index.php\/boomslide-tef-2\/#primaryimage"},"thumbnailUrl":"https:\/\/www.lubrise.se\/wp-content\/uploads\/2026\/02\/Lubrise-Boomslide-webb-85x300.jpg","datePublished":"2026-02-19T14:54:43+00:00","dateModified":"2026-02-19T14:55:37+00:00","breadcrumb":{"@id":"https:\/\/lubrise.se\/index.php\/boomslide-tef-2\/#breadcrumb"},"inLanguage":"sv-SE","potentialAction":[{"@type":"ReadAction","target":["https:\/\/lubrise.se\/index.php\/boomslide-tef-2\/"]}]},{"@type":"ImageObject","inLanguage":"sv-SE","@id":"https:\/\/lubrise.se\/index.php\/boomslide-tef-2\/#primaryimage","url":"https:\/\/www.lubrise.se\/wp-content\/uploads\/2026\/02\/Lubrise-Boomslide-webb-85x300.jpg","contentUrl":"https:\/\/www.lubrise.se\/wp-content\/uploads\/2026\/02\/Lubrise-Boomslide-webb-85x300.jpg"},{"@type":"BreadcrumbList","@id":"https:\/\/lubrise.se\/index.php\/boomslide-tef-2\/#breadcrumb","itemListElement":[{"@type":"ListItem","position":1,"name":"Hem","item":"https:\/\/lubrise.se\/"},{"@type":"ListItem","position":2,"name":"BoomSlide Tef"}]},{"@type":"WebSite","@id":"https:\/\/lubrise.se\/#website","url":"https:\/\/lubrise.se\/","name":"Lubrise Technology","description":"Sm\u00f6rjmedel och fetter av h\u00f6gsta kvalitet","publisher":{"@id":"https:\/\/lubrise.se\/#organization"},"potentialAction":[{"@type":"SearchAction","target":{"@type":"EntryPoint","urlTemplate":"https:\/\/lubrise.se\/?s={search_term_string}"},"query-input":{"@type":"PropertyValueSpecification","valueRequired":true,"valueName":"search_term_string"}}],"inLanguage":"sv-SE"},{"@type":"Organization","@id":"https:\/\/lubrise.se\/#organization","name":"Lubrise Technology","url":"https:\/\/lubrise.se\/","logo":{"@type":"ImageObject","inLanguage":"sv-SE","@id":"https:\/\/lubrise.se\/#\/schema\/logo\/image\/","url":"https:\/\/lubrise.se\/wp-content\/uploads\/2025\/04\/Lubrise-logo-1.svg","contentUrl":"https:\/\/lubrise.se\/wp-content\/uploads\/2025\/04\/Lubrise-logo-1.svg","width":708,"height":737,"caption":"Lubrise Technology"},"image":{"@id":"https:\/\/lubrise.se\/#\/schema\/logo\/image\/"}}]}},"_links":{"self":[{"href":"https:\/\/lubrise.se\/index.php\/wp-json\/wp\/v2\/pages\/21534","targetHints":{"allow":["GET"]}}],"collection":[{"href":"https:\/\/lubrise.se\/index.php\/wp-json\/wp\/v2\/pages"}],"about":[{"href":"https:\/\/lubrise.se\/index.php\/wp-json\/wp\/v2\/types\/page"}],"author":[{"embeddable":true,"href":"https:\/\/lubrise.se\/index.php\/wp-json\/wp\/v2\/users\/1"}],"replies":[{"embeddable":true,"href":"https:\/\/lubrise.se\/index.php\/wp-json\/wp\/v2\/comments?post=21534"}],"version-history":[{"count":4,"href":"https:\/\/lubrise.se\/index.php\/wp-json\/wp\/v2\/pages\/21534\/revisions"}],"predecessor-version":[{"id":21539,"href":"https:\/\/lubrise.se\/index.php\/wp-json\/wp\/v2\/pages\/21534\/revisions\/21539"}],"wp:attachment":[{"href":"https:\/\/lubrise.se\/index.php\/wp-json\/wp\/v2\/media?parent=21534"}],"curies":[{"name":"wp","href":"https:\/\/api.w.org\/{rel}","templated":true}]}}